{"id":33,"date":"2012-08-31T11:39:20","date_gmt":"2012-08-31T09:39:20","guid":{"rendered":"http:\/\/www.mader-apparatebau.de\/metall\/?page_id=33"},"modified":"2016-12-20T11:26:43","modified_gmt":"2016-12-20T09:26:43","slug":"druckbehalter","status":"publish","type":"page","link":"https:\/\/www.mader-apparatebau.de\/metall\/en\/leistungen-2\/druckbehalter\/","title":{"rendered":"Pressure Vessel"},"content":{"rendered":"<p><\/p>\n<div id=\"gt-form-c\">\n<form id=\"gt-form\" action=\"https:\/\/translate.google.com\/\" enctype=\"application\/x-www-form-urlencoded\" method=\"post\" name=\"text_form\">\n<div id=\"gt-appbar\"><\/div>\n<div id=\"gt-text-all\">\n<div id=\"gt-main\">\n<div id=\"gt-text-c\">\n<div id=\"gt-text-top\">\n<div id=\"gt-src-c\" class=\"g-unit\"><\/div>\n<div id=\"gt-res-c\" class=\"g-unit\">\n<div id=\"gt-res-p\">\n<div id=\"gt-res-data\">\n<div id=\"gt-res-wrap\">\n<div id=\"gt-res-content\">\n<div dir=\"ltr\"><span id=\"result_box\" class=\"\" lang=\"en\"><span title=\"Wir bauen Kleinserien von Druckbeh\u00e4ltern aus Edelstahl in fast jeder Gr\u00f6\u00dfe, Form und Material.\n\n\"><strong>We manufacture small batches of pressure vessels made of stainless steel in almost any size, shape and material.<\/strong><\/p>\n<p><\/span><span title=\"z. B. Abdeckhauben, Wasserm\u00e4ntel, Druckt\u00f6pfe, Halbschalen, doppelwandige wasser-, dampf-, gas- oder luftgek\u00fchlt oder beheizt mit gew\u00fcnschten Stutzen, Flanschen, Nippeln, etc.\n\n\">Eg double-walled water, steam, gas or air-cooled or heated with desired spigots, flanges, nipples, etc., for example, covering hoods, water jackets, pressure vessels, half-shells.<\/p>\n<p><\/span><span title=\"Bei allen Druckbeh\u00e4ltern, Dampfkesselanlagen und Rohrleitungen gelten unsere rechtlichen Vorgaben:\n\n\"><strong>All our pressure vessels, steam boilers and pipelines are subject to our legal requirements:<\/strong><\/p>\n<p><\/span><span title=\"Die Druckger\u00e4terichtlinie\n\">The pressure equipment line<br \/>\n<\/span><span title=\"Anh\u00e4nge der Richtlinie\n\">Annexes to the Directive<br \/>\n<\/span><span title=\"Aktuelle Leitlinien\n\">Current guidelines<br \/>\n<\/span><span title=\"Anwendungsnormen f\u00fcr Druckger\u00e4te\n\">Application standards for pressure equipment<br \/>\n<\/span><span title=\"HP 100 R EN 13480\n\">HP 100 R EN 13480<br \/>\n<\/span><span title=\"Unsere Verantwortung\n\n\">Our responsibility<\/p>\n<p><\/span><span title=\"Anforderungen beim Inverkehrbringen\n\">Requirements for placing on the market<br \/>\n<\/span><span title=\"Haftung\n\u00a0\">liability<br \/>\n<\/span><span title=\"Vermeidung Vorhersehbarer Fehlanwendung\n\">Avoid foreseeable misuse<br \/>\n<\/span><span title=\"Technische Anforderungen umsetzen\n\">Implement technical requirements<br \/>\n<\/span><span title=\"Konformit\u00e4tserkl\u00e4rung\n\">Declaration of conformity<br \/>\n<\/span><span title=\"AD 2000\n\n\">AD 2000<\/p>\n<p><\/span><span title=\"Anwendung\n\">application<br \/>\n<\/span><span title=\"Geltungsbereich\n\">Scope of application<br \/>\n<\/span><span title=\"Berechnung der Bauteile\n\">Calculation of the components<br \/>\n<\/span><span title=\"Schwei\u00dfarbeiten und Kennzeichnung\n\">Welding and marking<br \/>\n<\/span><span title=\"DIN EN 13480-2\n\n\">DIN EN 13480-2<\/p>\n<p><\/span><span title=\"Anforderungen an Werkstoffe und Z\u00e4higkeit\n\">Requirements for materials and toughness<br \/>\n<\/span><span title=\"Harmonisierte Produktnormen\n\">Harmonized product standards<br \/>\n<\/span><span title=\"Arten von Pr\u00fcfbescheinigungen\n\">Types of test certificates<br \/>\n<\/span><span title=\"Entwurfspr\u00fcfung\n\n\">Design examination<\/p>\n<p><\/span><span title=\"Entwurfspr\u00fcfung von Rohrleitungen und Armaturen\n\">Design testing of pipelines and fittings<br \/>\n<\/span><span title=\"Berechnung von Rohrleitungsteilen\n\">Calculation of piping parts<br \/>\n<\/span><span title=\"Anforderungen an Werkstoffe f\u00fcr Armaturen\n\">Requirements for materials for valves<br \/>\n<\/span><span title=\"Bewertung der Ergebnisse\n\">Evaluation of the results<br \/>\n<\/span><span title=\"Herstelleranforderungen\n\n\">Manufacturer&#8217;s requirements<\/p>\n<p><\/span><span title=\"Schwei\u00dftechnische Qualit\u00e4tsanforderungen\n\"><strong>Welding quality requirements<\/strong><br \/>\n<\/span><span title=\"Verfahrensqualifikation\n\">Procedure qualification<br \/>\n<\/span><span title=\"Verfahrenspr\u00fcfungen\n\">Testing<br \/>\n<\/span><span title=\"Arbeitspr\u00fcfungen, Pr\u00fcfverfahren\n\">Work tests, test methods<br \/>\n<\/span><span title=\"Mitarbeiterschulungen\n\">Employee training<br \/>\n<\/span><span title=\"Sie k\u00f6nnen sich sicher sein: Wir haben eine Teilnahmebescheinigung der T\u00dcV NORD Akademie und den Sicherheitspass der T\u00dcV NORD Akademie\n\n\">You can be sure: We have a certificate of participation from the T\u00dcV NORD Academy and the safety passport of the T\u00dcV NORD Academy<\/p>\n<p><\/span><span title=\"Armaturen und Sicherheitsventile\n\n\"><strong>Fittings and safety valves<\/strong><\/p>\n<p><\/span><span title=\"Pr\u00fcfungen, Pr\u00fcfverfahren und Annahmekriterien\n\">Tests, test methods and acceptance criteria<br \/>\n<\/span><span title=\"Erg\u00e4nzende Anforderungen\n\">Complementary requirements<br \/>\n<\/span><span title=\"Sicherheitseinrichtungen gegen Druck\u00fcberschreitungen\n\">Safety devices against overpressures<br \/>\n<\/span><span title=\"sonstige Sicherheitseinrichtungen\n\">Other safety devices<br \/>\n<\/span><span title=\"Funktionsverhalten\n\n\">Functional behavior<\/p>\n<p><\/span><span title=\"Edelstahlbeh\u00e4lter f\u00fcr die Industrie\">Stainless steel containers for industry<\/span><\/span><\/div>\n<\/div>\n<\/div>\n<\/div>\n<\/div>\n<\/div>\n<\/div>\n<\/div>\n<\/div>\n<\/div>\n<\/form>\n<\/div>\n<p>&nbsp;<\/p>\n<div class=\"shariff shariff-align-flex-start shariff-widget-align-flex-start\"><ul class=\"shariff-buttons theme-round orientation-horizontal buttonsize-medium\"><li class=\"shariff-button facebook shariff-nocustomcolor\" style=\"background-color:#4273c8\"><a href=\"https:\/\/www.facebook.com\/sharer\/sharer.php?u=https%3A%2F%2Fwww.mader-apparatebau.de%2Fmetall%2Fen%2Fleistungen-2%2Fdruckbehalter%2F\" title=\"Bei Facebook teilen\" aria-label=\"Bei Facebook teilen\" role=\"button\" rel=\"nofollow\" class=\"shariff-link\" style=\"; background-color:#3b5998; color:#fff\" target=\"_blank\"><span class=\"shariff-icon\" style=\"\"><svg width=\"32px\" height=\"20px\" xmlns=\"http:\/\/www.w3.org\/2000\/svg\" viewBox=\"0 0 18 32\"><path fill=\"#3b5998\" d=\"M17.1 0.2v4.7h-2.8q-1.5 0-2.1 0.6t-0.5 1.9v3.4h5.2l-0.7 5.3h-4.5v13.6h-5.5v-13.6h-4.5v-5.3h4.5v-3.9q0-3.3 1.9-5.2t5-1.8q2.6 0 4.1 0.2z\"\/><\/svg><\/span><\/a><\/li><li class=\"shariff-button twitter shariff-nocustomcolor\" style=\"background-color:#32bbf5\"><a href=\"https:\/\/twitter.com\/share?url=https%3A%2F%2Fwww.mader-apparatebau.de%2Fmetall%2Fen%2Fleistungen-2%2Fdruckbehalter%2F&text=Pressure%20Vessel\" title=\"Bei Twitter teilen\" aria-label=\"Bei Twitter teilen\" role=\"button\" rel=\"noopener nofollow\" class=\"shariff-link\" style=\"; background-color:#55acee; color:#fff\" target=\"_blank\"><span class=\"shariff-icon\" style=\"\"><svg width=\"32px\" height=\"20px\" xmlns=\"http:\/\/www.w3.org\/2000\/svg\" viewBox=\"0 0 30 32\"><path fill=\"#55acee\" d=\"M29.7 6.8q-1.2 1.8-3 3.1 0 0.3 0 0.8 0 2.5-0.7 4.9t-2.2 4.7-3.5 4-4.9 2.8-6.1 1q-5.1 0-9.3-2.7 0.6 0.1 1.5 0.1 4.3 0 7.6-2.6-2-0.1-3.5-1.2t-2.2-3q0.6 0.1 1.1 0.1 0.8 0 1.6-0.2-2.1-0.4-3.5-2.1t-1.4-3.9v-0.1q1.3 0.7 2.8 0.8-1.2-0.8-2-2.2t-0.7-2.9q0-1.7 0.8-3.1 2.3 2.8 5.5 4.5t7 1.9q-0.2-0.7-0.2-1.4 0-2.5 1.8-4.3t4.3-1.8q2.7 0 4.5 1.9 2.1-0.4 3.9-1.5-0.7 2.2-2.7 3.4 1.8-0.2 3.5-0.9z\"\/><\/svg><\/span><\/a><\/li><li class=\"shariff-button whatsapp shariff-nocustomcolor\" style=\"background-color:#5cbe4a\"><a href=\"https:\/\/api.whatsapp.com\/send?text=https%3A%2F%2Fwww.mader-apparatebau.de%2Fmetall%2Fen%2Fleistungen-2%2Fdruckbehalter%2F%20Pressure%20Vessel\" title=\"Bei Whatsapp teilen\" aria-label=\"Bei Whatsapp teilen\" role=\"button\" rel=\"noopener nofollow\" class=\"shariff-link\" style=\"; background-color:#34af23; color:#fff\" target=\"_blank\"><span class=\"shariff-icon\" style=\"\"><svg width=\"32px\" height=\"20px\" xmlns=\"http:\/\/www.w3.org\/2000\/svg\" viewBox=\"0 0 32 32\"><path fill=\"#34af23\" d=\"M17.6 17.4q0.2 0 1.7 0.8t1.6 0.9q0 0.1 0 0.3 0 0.6-0.3 1.4-0.3 0.7-1.3 1.2t-1.8 0.5q-1 0-3.4-1.1-1.7-0.8-3-2.1t-2.6-3.3q-1.3-1.9-1.3-3.5v-0.1q0.1-1.6 1.3-2.8 0.4-0.4 0.9-0.4 0.1 0 0.3 0t0.3 0q0.3 0 0.5 0.1t0.3 0.5q0.1 0.4 0.6 1.6t0.4 1.3q0 0.4-0.6 1t-0.6 0.8q0 0.1 0.1 0.3 0.6 1.3 1.8 2.4 1 0.9 2.7 1.8 0.2 0.1 0.4 0.1 0.3 0 1-0.9t0.9-0.9zM14 26.9q2.3 0 4.3-0.9t3.6-2.4 2.4-3.6 0.9-4.3-0.9-4.3-2.4-3.6-3.6-2.4-4.3-0.9-4.3 0.9-3.6 2.4-2.4 3.6-0.9 4.3q0 3.6 2.1 6.6l-1.4 4.2 4.3-1.4q2.8 1.9 6.2 1.9zM14 2.2q2.7 0 5.2 1.1t4.3 2.9 2.9 4.3 1.1 5.2-1.1 5.2-2.9 4.3-4.3 2.9-5.2 1.1q-3.5 0-6.5-1.7l-7.4 2.4 2.4-7.2q-1.9-3.2-1.9-6.9 0-2.7 1.1-5.2t2.9-4.3 4.3-2.9 5.2-1.1z\"\/><\/svg><\/span><\/a><\/li><li class=\"shariff-button mailto shariff-nocustomcolor\" style=\"background-color:#a8a8a8\"><a href=\"mailto:?body=https%3A%2F%2Fwww.mader-apparatebau.de%2Fmetall%2Fen%2Fleistungen-2%2Fdruckbehalter%2F&subject=Pressure%20Vessel\" title=\"Per E-Mail versenden\" aria-label=\"Per E-Mail versenden\" role=\"button\" rel=\"noopener nofollow\" class=\"shariff-link\" style=\"; background-color:#999; color:#fff\"><span class=\"shariff-icon\" style=\"\"><svg width=\"32px\" height=\"20px\" xmlns=\"http:\/\/www.w3.org\/2000\/svg\" viewBox=\"0 0 32 32\"><path fill=\"#999\" d=\"M32 12.7v14.2q0 1.2-0.8 2t-2 0.9h-26.3q-1.2 0-2-0.9t-0.8-2v-14.2q0.8 0.9 1.8 1.6 6.5 4.4 8.9 6.1 1 0.8 1.6 1.2t1.7 0.9 2 0.4h0.1q0.9 0 2-0.4t1.7-0.9 1.6-1.2q3-2.2 8.9-6.1 1-0.7 1.8-1.6zM32 7.4q0 1.4-0.9 2.7t-2.2 2.2q-6.7 4.7-8.4 5.8-0.2 0.1-0.7 0.5t-1 0.7-0.9 0.6-1.1 0.5-0.9 0.2h-0.1q-0.4 0-0.9-0.2t-1.1-0.5-0.9-0.6-1-0.7-0.7-0.5q-1.6-1.1-4.7-3.2t-3.6-2.6q-1.1-0.7-2.1-2t-1-2.5q0-1.4 0.7-2.3t2.1-0.9h26.3q1.2 0 2 0.8t0.9 2z\"\/><\/svg><\/span><\/a><\/li><\/ul><\/div>","protected":false},"excerpt":{"rendered":"<p>We manufacture small batches of pressure vessels made of stainless steel in almost any size, shape and material. Eg double-walled water, steam, gas or air-cooled or heated with desired spigots, flanges, nipples, etc., for example, covering hoods, water jackets, pressure vessels, half-shells. All our pressure vessels, steam boilers and pipelines &#8230;<\/p>\n<div class=\"shariff shariff-align-flex-start shariff-widget-align-flex-start\"><ul class=\"shariff-buttons theme-round orientation-horizontal buttonsize-medium\"><li class=\"shariff-button facebook shariff-nocustomcolor\" style=\"background-color:#4273c8\"><a href=\"https:\/\/www.facebook.com\/sharer\/sharer.php?u=https%3A%2F%2Fwww.mader-apparatebau.de%2Fmetall%2Fen%2Fleistungen-2%2Fdruckbehalter%2F\" title=\"Bei Facebook teilen\" aria-label=\"Bei Facebook teilen\" role=\"button\" rel=\"nofollow\" class=\"shariff-link\" style=\"; background-color:#3b5998; color:#fff\" target=\"_blank\"><span class=\"shariff-icon\" style=\"\"><svg width=\"32px\" height=\"20px\" xmlns=\"http:\/\/www.w3.org\/2000\/svg\" viewBox=\"0 0 18 32\"><path fill=\"#3b5998\" d=\"M17.1 0.2v4.7h-2.8q-1.5 0-2.1 0.6t-0.5 1.9v3.4h5.2l-0.7 5.3h-4.5v13.6h-5.5v-13.6h-4.5v-5.3h4.5v-3.9q0-3.3 1.9-5.2t5-1.8q2.6 0 4.1 0.2z\"\/><\/svg><\/span><\/a><\/li><li class=\"shariff-button twitter shariff-nocustomcolor\" style=\"background-color:#32bbf5\"><a href=\"https:\/\/twitter.com\/share?url=https%3A%2F%2Fwww.mader-apparatebau.de%2Fmetall%2Fen%2Fleistungen-2%2Fdruckbehalter%2F&text=Pressure%20Vessel\" title=\"Bei Twitter teilen\" aria-label=\"Bei Twitter teilen\" role=\"button\" rel=\"noopener nofollow\" class=\"shariff-link\" style=\"; background-color:#55acee; color:#fff\" target=\"_blank\"><span class=\"shariff-icon\" style=\"\"><svg width=\"32px\" height=\"20px\" xmlns=\"http:\/\/www.w3.org\/2000\/svg\" viewBox=\"0 0 30 32\"><path fill=\"#55acee\" d=\"M29.7 6.8q-1.2 1.8-3 3.1 0 0.3 0 0.8 0 2.5-0.7 4.9t-2.2 4.7-3.5 4-4.9 2.8-6.1 1q-5.1 0-9.3-2.7 0.6 0.1 1.5 0.1 4.3 0 7.6-2.6-2-0.1-3.5-1.2t-2.2-3q0.6 0.1 1.1 0.1 0.8 0 1.6-0.2-2.1-0.4-3.5-2.1t-1.4-3.9v-0.1q1.3 0.7 2.8 0.8-1.2-0.8-2-2.2t-0.7-2.9q0-1.7 0.8-3.1 2.3 2.8 5.5 4.5t7 1.9q-0.2-0.7-0.2-1.4 0-2.5 1.8-4.3t4.3-1.8q2.7 0 4.5 1.9 2.1-0.4 3.9-1.5-0.7 2.2-2.7 3.4 1.8-0.2 3.5-0.9z\"\/><\/svg><\/span><\/a><\/li><li class=\"shariff-button whatsapp shariff-nocustomcolor\" style=\"background-color:#5cbe4a\"><a href=\"https:\/\/api.whatsapp.com\/send?text=https%3A%2F%2Fwww.mader-apparatebau.de%2Fmetall%2Fen%2Fleistungen-2%2Fdruckbehalter%2F%20Pressure%20Vessel\" title=\"Bei Whatsapp teilen\" aria-label=\"Bei Whatsapp teilen\" role=\"button\" rel=\"noopener nofollow\" class=\"shariff-link\" style=\"; background-color:#34af23; color:#fff\" target=\"_blank\"><span class=\"shariff-icon\" style=\"\"><svg width=\"32px\" height=\"20px\" xmlns=\"http:\/\/www.w3.org\/2000\/svg\" viewBox=\"0 0 32 32\"><path fill=\"#34af23\" d=\"M17.6 17.4q0.2 0 1.7 0.8t1.6 0.9q0 0.1 0 0.3 0 0.6-0.3 1.4-0.3 0.7-1.3 1.2t-1.8 0.5q-1 0-3.4-1.1-1.7-0.8-3-2.1t-2.6-3.3q-1.3-1.9-1.3-3.5v-0.1q0.1-1.6 1.3-2.8 0.4-0.4 0.9-0.4 0.1 0 0.3 0t0.3 0q0.3 0 0.5 0.1t0.3 0.5q0.1 0.4 0.6 1.6t0.4 1.3q0 0.4-0.6 1t-0.6 0.8q0 0.1 0.1 0.3 0.6 1.3 1.8 2.4 1 0.9 2.7 1.8 0.2 0.1 0.4 0.1 0.3 0 1-0.9t0.9-0.9zM14 26.9q2.3 0 4.3-0.9t3.6-2.4 2.4-3.6 0.9-4.3-0.9-4.3-2.4-3.6-3.6-2.4-4.3-0.9-4.3 0.9-3.6 2.4-2.4 3.6-0.9 4.3q0 3.6 2.1 6.6l-1.4 4.2 4.3-1.4q2.8 1.9 6.2 1.9zM14 2.2q2.7 0 5.2 1.1t4.3 2.9 2.9 4.3 1.1 5.2-1.1 5.2-2.9 4.3-4.3 2.9-5.2 1.1q-3.5 0-6.5-1.7l-7.4 2.4 2.4-7.2q-1.9-3.2-1.9-6.9 0-2.7 1.1-5.2t2.9-4.3 4.3-2.9 5.2-1.1z\"\/><\/svg><\/span><\/a><\/li><li class=\"shariff-button mailto shariff-nocustomcolor\" style=\"background-color:#a8a8a8\"><a href=\"mailto:?body=https%3A%2F%2Fwww.mader-apparatebau.de%2Fmetall%2Fen%2Fleistungen-2%2Fdruckbehalter%2F&subject=Pressure%20Vessel\" title=\"Per E-Mail versenden\" aria-label=\"Per E-Mail versenden\" role=\"button\" rel=\"noopener nofollow\" class=\"shariff-link\" style=\"; background-color:#999; color:#fff\"><span class=\"shariff-icon\" style=\"\"><svg width=\"32px\" height=\"20px\" xmlns=\"http:\/\/www.w3.org\/2000\/svg\" viewBox=\"0 0 32 32\"><path fill=\"#999\" d=\"M32 12.7v14.2q0 1.2-0.8 2t-2 0.9h-26.3q-1.2 0-2-0.9t-0.8-2v-14.2q0.8 0.9 1.8 1.6 6.5 4.4 8.9 6.1 1 0.8 1.6 1.2t1.7 0.9 2 0.4h0.1q0.9 0 2-0.4t1.7-0.9 1.6-1.2q3-2.2 8.9-6.1 1-0.7 1.8-1.6zM32 7.4q0 1.4-0.9 2.7t-2.2 2.2q-6.7 4.7-8.4 5.8-0.2 0.1-0.7 0.5t-1 0.7-0.9 0.6-1.1 0.5-0.9 0.2h-0.1q-0.4 0-0.9-0.2t-1.1-0.5-0.9-0.6-1-0.7-0.7-0.5q-1.6-1.1-4.7-3.2t-3.6-2.6q-1.1-0.7-2.1-2t-1-2.5q0-1.4 0.7-2.3t2.1-0.9h26.3q1.2 0 2 0.8t0.9 2z\"\/><\/svg><\/span><\/a><\/li><\/ul><\/div>","protected":false},"author":3,"featured_media":0,"parent":16,"menu_order":0,"comment_status":"closed","ping_status":"closed","template":"","meta":{"jetpack_post_was_ever_published":false},"aioseo_notices":[],"jetpack_shortlink":"https:\/\/wp.me\/P2KvkP-x","_links":{"self":[{"href":"https:\/\/www.mader-apparatebau.de\/metall\/en\/wp-json\/wp\/v2\/pages\/33"}],"collection":[{"href":"https:\/\/www.mader-apparatebau.de\/metall\/en\/wp-json\/wp\/v2\/pages"}],"about":[{"href":"https:\/\/www.mader-apparatebau.de\/metall\/en\/wp-json\/wp\/v2\/types\/page"}],"author":[{"embeddable":true,"href":"https:\/\/www.mader-apparatebau.de\/metall\/en\/wp-json\/wp\/v2\/users\/3"}],"replies":[{"embeddable":true,"href":"https:\/\/www.mader-apparatebau.de\/metall\/en\/wp-json\/wp\/v2\/comments?post=33"}],"version-history":[{"count":0,"href":"https:\/\/www.mader-apparatebau.de\/metall\/en\/wp-json\/wp\/v2\/pages\/33\/revisions"}],"up":[{"embeddable":true,"href":"https:\/\/www.mader-apparatebau.de\/metall\/en\/wp-json\/wp\/v2\/pages\/16"}],"wp:attachment":[{"href":"https:\/\/www.mader-apparatebau.de\/metall\/en\/wp-json\/wp\/v2\/media?parent=33"}],"curies":[{"name":"wp","href":"https:\/\/api.w.org\/{rel}","templated":true}]}}