{"id":123,"date":"2012-09-04T07:52:08","date_gmt":"2012-09-04T05:52:08","guid":{"rendered":"http:\/\/www.mader-apparatebau.de\/metall\/?page_id=123"},"modified":"2016-12-22T13:01:23","modified_gmt":"2016-12-22T11:01:23","slug":"chemie-industrie","status":"publish","type":"page","link":"https:\/\/www.mader-apparatebau.de\/metall\/chemie-industrie\/","title":{"rendered":"Chemie-Industrie"},"content":{"rendered":"<p><\/p>\n<h2>Wir produzieren hochqualitative Edelstahlbeh\u00e4lter f\u00fcr die chemische Industrie:<\/h2>\n<h4>z .B. <a href=\"http:\/\/www.mader-apparatebau.de\/metall\/leistungen-2\/druckbehalter\/\">Drucktanks<\/a>, Vakuumbeh\u00e4lter und Mischbeh\u00e4lter, aber auch Lagertanks, bis zu 15000 l Produktionsvolumen.<\/h4>\n<p align=\"left\">Die Anforderungen an Sicherheit, Qualit\u00e4t und Zuverl\u00e4ssigkeit sind hoch, denn Hitze- und Druckbelastung variieren oft stark und die Beh\u00e4lter m\u00fcssen der Belastung durch\u00a0hochaggressive Medien standhalten.<\/p>\n<h4 align=\"left\">Beim Bau von Reaktoren f\u00fcr die chemische Industrie ist ein hohes Ma\u00df an Erfahrung gefordert.<\/h4>\n<p align=\"left\">Jede chemische Reaktion, die sp\u00e4ter im Beh\u00e4lter ablaufen wird, stellt andere Anforderungen an die Dimensionierung und Verarbeitung. Wir gew\u00e4hren Ihnen die Sicherheit und Effizienz von Reaktoren.<\/p>\n<p align=\"left\">Die Einbindung der Apparate\u00a0in das <strong>Bef\u00fcllungs- und Entleerungssystem<\/strong> erfordern Kompetenz\u00a0und jahrzehntelange Erfahrung.\u00a0Wir kennen die Anforderungen f\u00fcr die Chemieindustrie und k\u00f6nnen daher die erforderlichen Kriterien umsetzen:<\/p>\n<ul>\n<li>Integration von\u00a0Heiz- oder K\u00fchlschlangen (z.B. \u00a0Dampfbeheizung \u00a0\u00fcber eine auf den Au\u00dfenmantel\u00a0geschweisste Halbrohrschlange)<\/li>\n<li>Integration von R\u00fchrwerken und Mischapparaten<\/li>\n<li>Oberfl\u00e4cheng\u00fcte wird\u00a0individuell geplant und realisiert.<\/li>\n<\/ul>\n<h4 align=\"left\">Ihre Sicherheit: Wir sind\u00a0<a title=\"Fachbetrieb nach \u00a7 19 WHG | T\u00dcV-Abnahme\" href=\"http:\/\/www.mader-apparatebau.de\/metall\/fachbetrieb-nach-19-whg-tuv-abnahme\/\">Fachbetrieb nach\u00a0WHG \u00a7 19<\/a>\u00a0und stellen Druckgef\u00e4\u00dfe\u00a0nach HPO her.<\/h4>\n<div class=\"tiled-gallery type-rectangular tiled-gallery-unresized\" data-original-width=\"660\" data-carousel-extra='{&quot;blog_id&quot;:1,&quot;permalink&quot;:&quot;https:\\\/\\\/www.mader-apparatebau.de\\\/metall\\\/chemie-industrie\\\/&quot;,&quot;likes_blog_id&quot;:40636215}' itemscope itemtype=\"http:\/\/schema.org\/ImageGallery\" > <div class=\"gallery-row\" style=\"width: 660px; height: 199px;\" data-original-width=\"660\" data-original-height=\"199\" > <div class=\"gallery-group images-1\" style=\"width: 330px; height: 199px;\" data-original-width=\"330\" data-original-height=\"199\" > <div class=\"tiled-gallery-item tiled-gallery-item-large\" itemprop=\"associatedMedia\" itemscope itemtype=\"http:\/\/schema.org\/ImageObject\"> <a href=\"https:\/\/www.mader-apparatebau.de\/metall\/?attachment_id=129\" border=\"0\" itemprop=\"url\"> <meta itemprop=\"width\" content=\"326\"> <meta itemprop=\"height\" content=\"195\"> <img data-attachment-id=\"129\" data-orig-file=\"https:\/\/www.mader-apparatebau.de\/metall\/wp-content\/uploads\/2012\/09\/chemie2.jpg\" data-orig-size=\"600,358\" data-comments-opened=\"1\" data-image-meta=\"{&quot;aperture&quot;:&quot;0&quot;,&quot;credit&quot;:&quot;&quot;,&quot;camera&quot;:&quot;&quot;,&quot;caption&quot;:&quot;&quot;,&quot;created_timestamp&quot;:&quot;0&quot;,&quot;copyright&quot;:&quot;&quot;,&quot;focal_length&quot;:&quot;0&quot;,&quot;iso&quot;:&quot;0&quot;,&quot;shutter_speed&quot;:&quot;0&quot;,&quot;title&quot;:&quot;&quot;}\" data-image-title=\"Anlage Chemieindustrie Edelstahl\" data-image-description=\"\" data-medium-file=\"https:\/\/www.mader-apparatebau.de\/metall\/wp-content\/uploads\/2012\/09\/chemie2-300x179.jpg\" data-large-file=\"https:\/\/www.mader-apparatebau.de\/metall\/wp-content\/uploads\/2012\/09\/chemie2.jpg\" src=\"https:\/\/i0.wp.com\/www.mader-apparatebau.de\/metall\/wp-content\/uploads\/2012\/09\/chemie2.jpg?w=326&#038;h=195&#038;ssl=1\" width=\"326\" height=\"195\" data-original-width=\"326\" data-original-height=\"195\" itemprop=\"http:\/\/schema.org\/image\" title=\"Anlage Chemieindustrie Edelstahl\" alt=\"Anlage Chemieindustrie Edelstahl\" style=\"width: 326px; height: 195px;\" \/> <\/a> <div class=\"tiled-gallery-caption\" itemprop=\"caption description\"> Anlage Chemieindustrie <\/div> <\/div> <\/div> <!-- close group --> <div class=\"gallery-group images-1\" style=\"width: 330px; height: 199px;\" data-original-width=\"330\" data-original-height=\"199\" > <div class=\"tiled-gallery-item tiled-gallery-item-large\" itemprop=\"associatedMedia\" itemscope itemtype=\"http:\/\/schema.org\/ImageObject\"> <a href=\"https:\/\/www.mader-apparatebau.de\/metall\/?attachment_id=364\" border=\"0\" itemprop=\"url\"> <meta itemprop=\"width\" content=\"326\"> <meta itemprop=\"height\" content=\"195\"> <img data-attachment-id=\"364\" data-orig-file=\"https:\/\/www.mader-apparatebau.de\/metall\/wp-content\/uploads\/2012\/09\/chemie31.jpg\" data-orig-size=\"600,358\" data-comments-opened=\"1\" data-image-meta=\"{&quot;aperture&quot;:&quot;0&quot;,&quot;credit&quot;:&quot;&quot;,&quot;camera&quot;:&quot;&quot;,&quot;caption&quot;:&quot;&quot;,&quot;created_timestamp&quot;:&quot;0&quot;,&quot;copyright&quot;:&quot;&quot;,&quot;focal_length&quot;:&quot;0&quot;,&quot;iso&quot;:&quot;0&quot;,&quot;shutter_speed&quot;:&quot;0&quot;,&quot;title&quot;:&quot;&quot;}\" data-image-title=\"chemie anlage\" data-image-description=\"&lt;p&gt;Steuerung einer chemie anlage, Druckbeh\u00e4lter&lt;\/p&gt; \" data-medium-file=\"https:\/\/www.mader-apparatebau.de\/metall\/wp-content\/uploads\/2012\/09\/chemie31-300x179.jpg\" data-large-file=\"https:\/\/www.mader-apparatebau.de\/metall\/wp-content\/uploads\/2012\/09\/chemie31.jpg\" src=\"https:\/\/i0.wp.com\/www.mader-apparatebau.de\/metall\/wp-content\/uploads\/2012\/09\/chemie31.jpg?w=326&#038;h=195&#038;ssl=1\" width=\"326\" height=\"195\" data-original-width=\"326\" data-original-height=\"195\" itemprop=\"http:\/\/schema.org\/image\" title=\"chemie anlage\" alt=\"Steuerung einer chemie anlage\" style=\"width: 326px; height: 195px;\" \/> <\/a> <\/div> <\/div> <!-- close group --> <\/div> <!-- close row --> <div class=\"gallery-row\" style=\"width: 660px; height: 199px;\" data-original-width=\"660\" data-original-height=\"199\" > <div class=\"gallery-group images-1\" style=\"width: 330px; height: 199px;\" data-original-width=\"330\" data-original-height=\"199\" > <div class=\"tiled-gallery-item tiled-gallery-item-large\" itemprop=\"associatedMedia\" itemscope itemtype=\"http:\/\/schema.org\/ImageObject\"> <a href=\"https:\/\/www.mader-apparatebau.de\/metall\/?attachment_id=290\" border=\"0\" itemprop=\"url\"> <meta itemprop=\"width\" content=\"326\"> <meta itemprop=\"height\" content=\"195\"> <img data-attachment-id=\"290\" data-orig-file=\"https:\/\/www.mader-apparatebau.de\/metall\/wp-content\/uploads\/2012\/09\/chemie1.jpg\" data-orig-size=\"600,358\" data-comments-opened=\"1\" data-image-meta=\"{&quot;aperture&quot;:&quot;0&quot;,&quot;credit&quot;:&quot;&quot;,&quot;camera&quot;:&quot;&quot;,&quot;caption&quot;:&quot;&quot;,&quot;created_timestamp&quot;:&quot;0&quot;,&quot;copyright&quot;:&quot;&quot;,&quot;focal_length&quot;:&quot;0&quot;,&quot;iso&quot;:&quot;0&quot;,&quot;shutter_speed&quot;:&quot;0&quot;,&quot;title&quot;:&quot;&quot;}\" data-image-title=\"Anlage Chemieindustrie\" data-image-description=\"\" data-medium-file=\"https:\/\/www.mader-apparatebau.de\/metall\/wp-content\/uploads\/2012\/09\/chemie1-300x179.jpg\" data-large-file=\"https:\/\/www.mader-apparatebau.de\/metall\/wp-content\/uploads\/2012\/09\/chemie1.jpg\" src=\"https:\/\/i0.wp.com\/www.mader-apparatebau.de\/metall\/wp-content\/uploads\/2012\/09\/chemie1.jpg?w=326&#038;h=195&#038;ssl=1\" width=\"326\" height=\"195\" data-original-width=\"326\" data-original-height=\"195\" itemprop=\"http:\/\/schema.org\/image\" title=\"Anlage Chemieindustrie\" alt=\"Anlage Chemieindustrie Edelstahl\" style=\"width: 326px; height: 195px;\" \/> <\/a> <div class=\"tiled-gallery-caption\" itemprop=\"caption description\"> Anlage Chemieindustrie <\/div> <\/div> <\/div> <!-- close group --> <div class=\"gallery-group images-1\" style=\"width: 330px; height: 199px;\" data-original-width=\"330\" data-original-height=\"199\" > <div class=\"tiled-gallery-item tiled-gallery-item-large\" itemprop=\"associatedMedia\" itemscope itemtype=\"http:\/\/schema.org\/ImageObject\"> <a href=\"https:\/\/www.mader-apparatebau.de\/metall\/?attachment_id=363\" border=\"0\" itemprop=\"url\"> <meta itemprop=\"width\" content=\"326\"> <meta itemprop=\"height\" content=\"195\"> <img data-attachment-id=\"363\" data-orig-file=\"https:\/\/www.mader-apparatebau.de\/metall\/wp-content\/uploads\/2012\/09\/Druckuhr.jpg\" data-orig-size=\"600,358\" data-comments-opened=\"1\" data-image-meta=\"{&quot;aperture&quot;:&quot;2.8&quot;,&quot;credit&quot;:&quot;LE image - Fotolia&quot;,&quot;camera&quot;:&quot;NIKON D90&quot;,&quot;caption&quot;:&quot;&quot;,&quot;created_timestamp&quot;:&quot;1326974125&quot;,&quot;copyright&quot;:&quot;LE image - Fotolia&quot;,&quot;focal_length&quot;:&quot;24&quot;,&quot;iso&quot;:&quot;500&quot;,&quot;shutter_speed&quot;:&quot;0.033333333333333&quot;,&quot;title&quot;:&quot;Druckmessung Rohrleitungssystem Kraftwerk&quot;}\" data-image-title=\"Druck\" data-image-description=\"\" data-medium-file=\"https:\/\/www.mader-apparatebau.de\/metall\/wp-content\/uploads\/2012\/09\/Druckuhr-300x179.jpg\" data-large-file=\"https:\/\/www.mader-apparatebau.de\/metall\/wp-content\/uploads\/2012\/09\/Druckuhr.jpg\" src=\"https:\/\/i0.wp.com\/www.mader-apparatebau.de\/metall\/wp-content\/uploads\/2012\/09\/Druckuhr.jpg?w=326&#038;h=195&#038;ssl=1\" width=\"326\" height=\"195\" data-original-width=\"326\" data-original-height=\"195\" itemprop=\"http:\/\/schema.org\/image\" title=\"Druck\" alt=\"Druck\" style=\"width: 326px; height: 195px;\" \/> <\/a> <\/div> <\/div> <!-- close group --> <\/div> <!-- close row --> <div class=\"gallery-row\" style=\"width: 660px; height: 199px;\" data-original-width=\"660\" data-original-height=\"199\" > <div class=\"gallery-group images-1\" style=\"width: 331px; height: 199px;\" data-original-width=\"331\" data-original-height=\"199\" > <div class=\"tiled-gallery-item tiled-gallery-item-large\" itemprop=\"associatedMedia\" itemscope itemtype=\"http:\/\/schema.org\/ImageObject\"> <a href=\"https:\/\/www.mader-apparatebau.de\/metall\/?attachment_id=130\" border=\"0\" itemprop=\"url\"> <meta itemprop=\"width\" content=\"327\"> <meta itemprop=\"height\" content=\"195\"> <img data-attachment-id=\"130\" data-orig-file=\"https:\/\/www.mader-apparatebau.de\/metall\/wp-content\/uploads\/2012\/09\/chemie3.jpg\" data-orig-size=\"600,358\" data-comments-opened=\"1\" data-image-meta=\"{&quot;aperture&quot;:&quot;0&quot;,&quot;credit&quot;:&quot;&quot;,&quot;camera&quot;:&quot;&quot;,&quot;caption&quot;:&quot;&quot;,&quot;created_timestamp&quot;:&quot;0&quot;,&quot;copyright&quot;:&quot;&quot;,&quot;focal_length&quot;:&quot;0&quot;,&quot;iso&quot;:&quot;0&quot;,&quot;shutter_speed&quot;:&quot;0&quot;,&quot;title&quot;:&quot;&quot;}\" data-image-title=\"Anlage Chemieindustrie Edelstahl\" data-image-description=\"\" data-medium-file=\"https:\/\/www.mader-apparatebau.de\/metall\/wp-content\/uploads\/2012\/09\/chemie3-300x179.jpg\" data-large-file=\"https:\/\/www.mader-apparatebau.de\/metall\/wp-content\/uploads\/2012\/09\/chemie3.jpg\" src=\"https:\/\/i0.wp.com\/www.mader-apparatebau.de\/metall\/wp-content\/uploads\/2012\/09\/chemie3.jpg?w=327&#038;h=195&#038;ssl=1\" width=\"327\" height=\"195\" data-original-width=\"327\" data-original-height=\"195\" itemprop=\"http:\/\/schema.org\/image\" title=\"Anlage Chemieindustrie Edelstahl\" alt=\"Anlage Chemieindustrie Edelstahl\" style=\"width: 327px; height: 195px;\" \/> <\/a> <\/div> <\/div> <!-- close group --> <div class=\"gallery-group images-1\" style=\"width: 329px; height: 199px;\" data-original-width=\"329\" data-original-height=\"199\" > <div class=\"tiled-gallery-item tiled-gallery-item-large\" itemprop=\"associatedMedia\" itemscope itemtype=\"http:\/\/schema.org\/ImageObject\"> <a href=\"https:\/\/www.mader-apparatebau.de\/metall\/?attachment_id=506\" border=\"0\" itemprop=\"url\"> <meta itemprop=\"width\" content=\"325\"> <meta itemprop=\"height\" content=\"195\"> <img data-attachment-id=\"506\" data-orig-file=\"https:\/\/www.mader-apparatebau.de\/metall\/wp-content\/uploads\/2012\/09\/Kegel.jpg\" data-orig-size=\"600,360\" data-comments-opened=\"1\" data-image-meta=\"{&quot;aperture&quot;:&quot;0&quot;,&quot;credit&quot;:&quot;&quot;,&quot;camera&quot;:&quot;&quot;,&quot;caption&quot;:&quot;&quot;,&quot;created_timestamp&quot;:&quot;0&quot;,&quot;copyright&quot;:&quot;&quot;,&quot;focal_length&quot;:&quot;0&quot;,&quot;iso&quot;:&quot;0&quot;,&quot;shutter_speed&quot;:&quot;0&quot;,&quot;title&quot;:&quot;&quot;}\" data-image-title=\"Kegel\" data-image-description=\"&lt;p&gt;Kegel aus Edelstahl&lt;\/p&gt; \" data-medium-file=\"https:\/\/www.mader-apparatebau.de\/metall\/wp-content\/uploads\/2012\/09\/Kegel-300x180.jpg\" data-large-file=\"https:\/\/www.mader-apparatebau.de\/metall\/wp-content\/uploads\/2012\/09\/Kegel.jpg\" src=\"https:\/\/i0.wp.com\/www.mader-apparatebau.de\/metall\/wp-content\/uploads\/2012\/09\/Kegel.jpg?w=325&#038;h=195&#038;ssl=1\" width=\"325\" height=\"195\" data-original-width=\"325\" data-original-height=\"195\" itemprop=\"http:\/\/schema.org\/image\" title=\"Kegel\" alt=\"Kegel aus Edelstahl\" style=\"width: 325px; height: 195px;\" \/> <\/a> <div class=\"tiled-gallery-caption\" itemprop=\"caption description\"> Kegel aus Edelstahl <\/div> <\/div> <\/div> <!-- close group --> <\/div> <!-- close row --> <div class=\"gallery-row\" style=\"width: 660px; height: 398px;\" data-original-width=\"660\" data-original-height=\"398\" > <div class=\"gallery-group images-1\" style=\"width: 660px; height: 398px;\" data-original-width=\"660\" data-original-height=\"398\" > <div class=\"tiled-gallery-item tiled-gallery-item-large\" itemprop=\"associatedMedia\" itemscope itemtype=\"http:\/\/schema.org\/ImageObject\"> <a href=\"https:\/\/www.mader-apparatebau.de\/metall\/heizmatte-2\/\" border=\"0\" itemprop=\"url\"> <meta itemprop=\"width\" content=\"656\"> <meta itemprop=\"height\" content=\"394\"> <img data-attachment-id=\"497\" data-orig-file=\"https:\/\/www.mader-apparatebau.de\/metall\/wp-content\/uploads\/2012\/09\/heizmatte.jpg\" data-orig-size=\"600,360\" data-comments-opened=\"1\" data-image-meta=\"{&quot;aperture&quot;:&quot;0&quot;,&quot;credit&quot;:&quot;&quot;,&quot;camera&quot;:&quot;&quot;,&quot;caption&quot;:&quot;&quot;,&quot;created_timestamp&quot;:&quot;0&quot;,&quot;copyright&quot;:&quot;&quot;,&quot;focal_length&quot;:&quot;0&quot;,&quot;iso&quot;:&quot;0&quot;,&quot;shutter_speed&quot;:&quot;0&quot;,&quot;title&quot;:&quot;&quot;}\" data-image-title=\"heizmatte\" data-image-description=\"&lt;p&gt;Edelsstahl Heizmatte f\u00fcr Druckbeh\u00e4lter&lt;\/p&gt; \" data-medium-file=\"https:\/\/www.mader-apparatebau.de\/metall\/wp-content\/uploads\/2012\/09\/heizmatte-300x180.jpg\" data-large-file=\"https:\/\/www.mader-apparatebau.de\/metall\/wp-content\/uploads\/2012\/09\/heizmatte.jpg\" src=\"https:\/\/i0.wp.com\/www.mader-apparatebau.de\/metall\/wp-content\/uploads\/2012\/09\/heizmatte.jpg?w=656&#038;h=394&#038;ssl=1\" width=\"656\" height=\"394\" data-original-width=\"656\" data-original-height=\"394\" itemprop=\"http:\/\/schema.org\/image\" title=\"heizmatte\" alt=\"Edelsstahl Heizmatte\" style=\"width: 656px; height: 394px;\" \/> <\/a> <div class=\"tiled-gallery-caption\" itemprop=\"caption description\"> Heizmatte <\/div> <\/div> <\/div> <!-- close group --> <\/div> <!-- close row --> <\/div>\n<p align=\"left\">\n<p><\/p>\n<div class=\"shariff shariff-align-flex-start shariff-widget-align-flex-start\"><ul class=\"shariff-buttons theme-round orientation-horizontal buttonsize-medium\"><li class=\"shariff-button facebook shariff-nocustomcolor\" style=\"background-color:#4273c8\"><a href=\"https:\/\/www.facebook.com\/sharer\/sharer.php?u=https%3A%2F%2Fwww.mader-apparatebau.de%2Fmetall%2Fchemie-industrie%2F\" title=\"Bei Facebook teilen\" aria-label=\"Bei Facebook teilen\" role=\"button\" rel=\"nofollow\" class=\"shariff-link\" style=\"; background-color:#3b5998; color:#fff\" target=\"_blank\"><span class=\"shariff-icon\" style=\"\"><svg width=\"32px\" height=\"20px\" xmlns=\"http:\/\/www.w3.org\/2000\/svg\" viewBox=\"0 0 18 32\"><path fill=\"#3b5998\" d=\"M17.1 0.2v4.7h-2.8q-1.5 0-2.1 0.6t-0.5 1.9v3.4h5.2l-0.7 5.3h-4.5v13.6h-5.5v-13.6h-4.5v-5.3h4.5v-3.9q0-3.3 1.9-5.2t5-1.8q2.6 0 4.1 0.2z\"\/><\/svg><\/span><\/a><\/li><li class=\"shariff-button twitter shariff-nocustomcolor\" style=\"background-color:#32bbf5\"><a href=\"https:\/\/twitter.com\/share?url=https%3A%2F%2Fwww.mader-apparatebau.de%2Fmetall%2Fchemie-industrie%2F&text=Chemie-Industrie\" title=\"Bei Twitter teilen\" aria-label=\"Bei Twitter teilen\" role=\"button\" rel=\"noopener nofollow\" class=\"shariff-link\" style=\"; background-color:#55acee; color:#fff\" target=\"_blank\"><span class=\"shariff-icon\" style=\"\"><svg width=\"32px\" height=\"20px\" xmlns=\"http:\/\/www.w3.org\/2000\/svg\" viewBox=\"0 0 30 32\"><path fill=\"#55acee\" d=\"M29.7 6.8q-1.2 1.8-3 3.1 0 0.3 0 0.8 0 2.5-0.7 4.9t-2.2 4.7-3.5 4-4.9 2.8-6.1 1q-5.1 0-9.3-2.7 0.6 0.1 1.5 0.1 4.3 0 7.6-2.6-2-0.1-3.5-1.2t-2.2-3q0.6 0.1 1.1 0.1 0.8 0 1.6-0.2-2.1-0.4-3.5-2.1t-1.4-3.9v-0.1q1.3 0.7 2.8 0.8-1.2-0.8-2-2.2t-0.7-2.9q0-1.7 0.8-3.1 2.3 2.8 5.5 4.5t7 1.9q-0.2-0.7-0.2-1.4 0-2.5 1.8-4.3t4.3-1.8q2.7 0 4.5 1.9 2.1-0.4 3.9-1.5-0.7 2.2-2.7 3.4 1.8-0.2 3.5-0.9z\"\/><\/svg><\/span><\/a><\/li><li class=\"shariff-button whatsapp shariff-nocustomcolor\" style=\"background-color:#5cbe4a\"><a href=\"https:\/\/api.whatsapp.com\/send?text=https%3A%2F%2Fwww.mader-apparatebau.de%2Fmetall%2Fchemie-industrie%2F%20Chemie-Industrie\" title=\"Bei Whatsapp teilen\" aria-label=\"Bei Whatsapp teilen\" role=\"button\" rel=\"noopener nofollow\" class=\"shariff-link\" style=\"; background-color:#34af23; color:#fff\" target=\"_blank\"><span class=\"shariff-icon\" style=\"\"><svg width=\"32px\" height=\"20px\" xmlns=\"http:\/\/www.w3.org\/2000\/svg\" viewBox=\"0 0 32 32\"><path fill=\"#34af23\" d=\"M17.6 17.4q0.2 0 1.7 0.8t1.6 0.9q0 0.1 0 0.3 0 0.6-0.3 1.4-0.3 0.7-1.3 1.2t-1.8 0.5q-1 0-3.4-1.1-1.7-0.8-3-2.1t-2.6-3.3q-1.3-1.9-1.3-3.5v-0.1q0.1-1.6 1.3-2.8 0.4-0.4 0.9-0.4 0.1 0 0.3 0t0.3 0q0.3 0 0.5 0.1t0.3 0.5q0.1 0.4 0.6 1.6t0.4 1.3q0 0.4-0.6 1t-0.6 0.8q0 0.1 0.1 0.3 0.6 1.3 1.8 2.4 1 0.9 2.7 1.8 0.2 0.1 0.4 0.1 0.3 0 1-0.9t0.9-0.9zM14 26.9q2.3 0 4.3-0.9t3.6-2.4 2.4-3.6 0.9-4.3-0.9-4.3-2.4-3.6-3.6-2.4-4.3-0.9-4.3 0.9-3.6 2.4-2.4 3.6-0.9 4.3q0 3.6 2.1 6.6l-1.4 4.2 4.3-1.4q2.8 1.9 6.2 1.9zM14 2.2q2.7 0 5.2 1.1t4.3 2.9 2.9 4.3 1.1 5.2-1.1 5.2-2.9 4.3-4.3 2.9-5.2 1.1q-3.5 0-6.5-1.7l-7.4 2.4 2.4-7.2q-1.9-3.2-1.9-6.9 0-2.7 1.1-5.2t2.9-4.3 4.3-2.9 5.2-1.1z\"\/><\/svg><\/span><\/a><\/li><li class=\"shariff-button mailto shariff-nocustomcolor\" style=\"background-color:#a8a8a8\"><a href=\"mailto:?body=https%3A%2F%2Fwww.mader-apparatebau.de%2Fmetall%2Fchemie-industrie%2F&subject=Chemie-Industrie\" title=\"Per E-Mail versenden\" aria-label=\"Per E-Mail versenden\" role=\"button\" rel=\"noopener nofollow\" class=\"shariff-link\" style=\"; background-color:#999; color:#fff\"><span class=\"shariff-icon\" style=\"\"><svg width=\"32px\" height=\"20px\" xmlns=\"http:\/\/www.w3.org\/2000\/svg\" viewBox=\"0 0 32 32\"><path fill=\"#999\" d=\"M32 12.7v14.2q0 1.2-0.8 2t-2 0.9h-26.3q-1.2 0-2-0.9t-0.8-2v-14.2q0.8 0.9 1.8 1.6 6.5 4.4 8.9 6.1 1 0.8 1.6 1.2t1.7 0.9 2 0.4h0.1q0.9 0 2-0.4t1.7-0.9 1.6-1.2q3-2.2 8.9-6.1 1-0.7 1.8-1.6zM32 7.4q0 1.4-0.9 2.7t-2.2 2.2q-6.7 4.7-8.4 5.8-0.2 0.1-0.7 0.5t-1 0.7-0.9 0.6-1.1 0.5-0.9 0.2h-0.1q-0.4 0-0.9-0.2t-1.1-0.5-0.9-0.6-1-0.7-0.7-0.5q-1.6-1.1-4.7-3.2t-3.6-2.6q-1.1-0.7-2.1-2t-1-2.5q0-1.4 0.7-2.3t2.1-0.9h26.3q1.2 0 2 0.8t0.9 2z\"\/><\/svg><\/span><\/a><\/li><\/ul><\/div>","protected":false},"excerpt":{"rendered":"<p>Wir produzieren hochqualitative Edelstahlbeh\u00e4lter f\u00fcr die chemische Industrie: z .B. Drucktanks, Vakuumbeh\u00e4lter und Mischbeh\u00e4lter, aber auch Lagertanks, bis zu 15000 l Produktionsvolumen. Die Anforderungen an Sicherheit, Qualit\u00e4t und Zuverl\u00e4ssigkeit sind hoch, denn Hitze- und Druckbelastung variieren oft stark und die Beh\u00e4lter m\u00fcssen der Belastung durch\u00a0hochaggressive Medien standhalten. Beim Bau von &#8230;<\/p>\n<div class=\"shariff shariff-align-flex-start shariff-widget-align-flex-start\"><ul class=\"shariff-buttons theme-round orientation-horizontal buttonsize-medium\"><li class=\"shariff-button facebook shariff-nocustomcolor\" style=\"background-color:#4273c8\"><a href=\"https:\/\/www.facebook.com\/sharer\/sharer.php?u=https%3A%2F%2Fwww.mader-apparatebau.de%2Fmetall%2Fchemie-industrie%2F\" title=\"Bei Facebook teilen\" aria-label=\"Bei Facebook teilen\" role=\"button\" rel=\"nofollow\" class=\"shariff-link\" style=\"; background-color:#3b5998; color:#fff\" target=\"_blank\"><span class=\"shariff-icon\" style=\"\"><svg width=\"32px\" height=\"20px\" xmlns=\"http:\/\/www.w3.org\/2000\/svg\" viewBox=\"0 0 18 32\"><path fill=\"#3b5998\" d=\"M17.1 0.2v4.7h-2.8q-1.5 0-2.1 0.6t-0.5 1.9v3.4h5.2l-0.7 5.3h-4.5v13.6h-5.5v-13.6h-4.5v-5.3h4.5v-3.9q0-3.3 1.9-5.2t5-1.8q2.6 0 4.1 0.2z\"\/><\/svg><\/span><\/a><\/li><li class=\"shariff-button twitter shariff-nocustomcolor\" style=\"background-color:#32bbf5\"><a href=\"https:\/\/twitter.com\/share?url=https%3A%2F%2Fwww.mader-apparatebau.de%2Fmetall%2Fchemie-industrie%2F&text=Chemie-Industrie\" title=\"Bei Twitter teilen\" aria-label=\"Bei Twitter teilen\" role=\"button\" rel=\"noopener nofollow\" class=\"shariff-link\" style=\"; background-color:#55acee; color:#fff\" target=\"_blank\"><span class=\"shariff-icon\" style=\"\"><svg width=\"32px\" height=\"20px\" xmlns=\"http:\/\/www.w3.org\/2000\/svg\" viewBox=\"0 0 30 32\"><path fill=\"#55acee\" d=\"M29.7 6.8q-1.2 1.8-3 3.1 0 0.3 0 0.8 0 2.5-0.7 4.9t-2.2 4.7-3.5 4-4.9 2.8-6.1 1q-5.1 0-9.3-2.7 0.6 0.1 1.5 0.1 4.3 0 7.6-2.6-2-0.1-3.5-1.2t-2.2-3q0.6 0.1 1.1 0.1 0.8 0 1.6-0.2-2.1-0.4-3.5-2.1t-1.4-3.9v-0.1q1.3 0.7 2.8 0.8-1.2-0.8-2-2.2t-0.7-2.9q0-1.7 0.8-3.1 2.3 2.8 5.5 4.5t7 1.9q-0.2-0.7-0.2-1.4 0-2.5 1.8-4.3t4.3-1.8q2.7 0 4.5 1.9 2.1-0.4 3.9-1.5-0.7 2.2-2.7 3.4 1.8-0.2 3.5-0.9z\"\/><\/svg><\/span><\/a><\/li><li class=\"shariff-button whatsapp shariff-nocustomcolor\" style=\"background-color:#5cbe4a\"><a href=\"https:\/\/api.whatsapp.com\/send?text=https%3A%2F%2Fwww.mader-apparatebau.de%2Fmetall%2Fchemie-industrie%2F%20Chemie-Industrie\" title=\"Bei Whatsapp teilen\" aria-label=\"Bei Whatsapp teilen\" role=\"button\" rel=\"noopener nofollow\" class=\"shariff-link\" style=\"; background-color:#34af23; color:#fff\" target=\"_blank\"><span class=\"shariff-icon\" style=\"\"><svg width=\"32px\" height=\"20px\" xmlns=\"http:\/\/www.w3.org\/2000\/svg\" viewBox=\"0 0 32 32\"><path fill=\"#34af23\" d=\"M17.6 17.4q0.2 0 1.7 0.8t1.6 0.9q0 0.1 0 0.3 0 0.6-0.3 1.4-0.3 0.7-1.3 1.2t-1.8 0.5q-1 0-3.4-1.1-1.7-0.8-3-2.1t-2.6-3.3q-1.3-1.9-1.3-3.5v-0.1q0.1-1.6 1.3-2.8 0.4-0.4 0.9-0.4 0.1 0 0.3 0t0.3 0q0.3 0 0.5 0.1t0.3 0.5q0.1 0.4 0.6 1.6t0.4 1.3q0 0.4-0.6 1t-0.6 0.8q0 0.1 0.1 0.3 0.6 1.3 1.8 2.4 1 0.9 2.7 1.8 0.2 0.1 0.4 0.1 0.3 0 1-0.9t0.9-0.9zM14 26.9q2.3 0 4.3-0.9t3.6-2.4 2.4-3.6 0.9-4.3-0.9-4.3-2.4-3.6-3.6-2.4-4.3-0.9-4.3 0.9-3.6 2.4-2.4 3.6-0.9 4.3q0 3.6 2.1 6.6l-1.4 4.2 4.3-1.4q2.8 1.9 6.2 1.9zM14 2.2q2.7 0 5.2 1.1t4.3 2.9 2.9 4.3 1.1 5.2-1.1 5.2-2.9 4.3-4.3 2.9-5.2 1.1q-3.5 0-6.5-1.7l-7.4 2.4 2.4-7.2q-1.9-3.2-1.9-6.9 0-2.7 1.1-5.2t2.9-4.3 4.3-2.9 5.2-1.1z\"\/><\/svg><\/span><\/a><\/li><li class=\"shariff-button mailto shariff-nocustomcolor\" style=\"background-color:#a8a8a8\"><a href=\"mailto:?body=https%3A%2F%2Fwww.mader-apparatebau.de%2Fmetall%2Fchemie-industrie%2F&subject=Chemie-Industrie\" title=\"Per E-Mail versenden\" aria-label=\"Per E-Mail versenden\" role=\"button\" rel=\"noopener nofollow\" class=\"shariff-link\" style=\"; background-color:#999; color:#fff\"><span class=\"shariff-icon\" style=\"\"><svg width=\"32px\" height=\"20px\" xmlns=\"http:\/\/www.w3.org\/2000\/svg\" viewBox=\"0 0 32 32\"><path fill=\"#999\" d=\"M32 12.7v14.2q0 1.2-0.8 2t-2 0.9h-26.3q-1.2 0-2-0.9t-0.8-2v-14.2q0.8 0.9 1.8 1.6 6.5 4.4 8.9 6.1 1 0.8 1.6 1.2t1.7 0.9 2 0.4h0.1q0.9 0 2-0.4t1.7-0.9 1.6-1.2q3-2.2 8.9-6.1 1-0.7 1.8-1.6zM32 7.4q0 1.4-0.9 2.7t-2.2 2.2q-6.7 4.7-8.4 5.8-0.2 0.1-0.7 0.5t-1 0.7-0.9 0.6-1.1 0.5-0.9 0.2h-0.1q-0.4 0-0.9-0.2t-1.1-0.5-0.9-0.6-1-0.7-0.7-0.5q-1.6-1.1-4.7-3.2t-3.6-2.6q-1.1-0.7-2.1-2t-1-2.5q0-1.4 0.7-2.3t2.1-0.9h26.3q1.2 0 2 0.8t0.9 2z\"\/><\/svg><\/span><\/a><\/li><\/ul><\/div>","protected":false},"author":3,"featured_media":0,"parent":0,"menu_order":0,"comment_status":"closed","ping_status":"closed","template":"","meta":{"jetpack_post_was_ever_published":false},"aioseo_notices":[],"jetpack_shortlink":"https:\/\/wp.me\/P2KvkP-1Z","_links":{"self":[{"href":"https:\/\/www.mader-apparatebau.de\/metall\/wp-json\/wp\/v2\/pages\/123"}],"collection":[{"href":"https:\/\/www.mader-apparatebau.de\/metall\/wp-json\/wp\/v2\/pages"}],"about":[{"href":"https:\/\/www.mader-apparatebau.de\/metall\/wp-json\/wp\/v2\/types\/page"}],"author":[{"embeddable":true,"href":"https:\/\/www.mader-apparatebau.de\/metall\/wp-json\/wp\/v2\/users\/3"}],"replies":[{"embeddable":true,"href":"https:\/\/www.mader-apparatebau.de\/metall\/wp-json\/wp\/v2\/comments?post=123"}],"version-history":[{"count":0,"href":"https:\/\/www.mader-apparatebau.de\/metall\/wp-json\/wp\/v2\/pages\/123\/revisions"}],"wp:attachment":[{"href":"https:\/\/www.mader-apparatebau.de\/metall\/wp-json\/wp\/v2\/media?parent=123"}],"curies":[{"name":"wp","href":"https:\/\/api.w.org\/{rel}","templated":true}]}}