{"id":336,"date":"2012-09-25T11:23:23","date_gmt":"2012-09-25T09:23:23","guid":{"rendered":"http:\/\/www.mader-apparatebau.de\/metall\/?page_id=336"},"modified":"2016-12-13T16:06:01","modified_gmt":"2016-12-13T14:06:01","slug":"kosmetikindustrie","status":"publish","type":"page","link":"https:\/\/www.mader-apparatebau.de\/metall\/kosmetikindustrie\/","title":{"rendered":"Kosmetikindustrie"},"content":{"rendered":"<p><\/p>\n<h2>In der Kosmetikindustrie werden Anlagen mit unterschiedlichsten Anforderungen ben\u00f6tigt.<\/h2>\n<p>R\u00fchrwerksbeh\u00e4lter zum Mischen und Kneten, Lagerbeh\u00e4lter, Prozessbeh\u00e4lter zum Temperieren, Ansatzbeh\u00e4lter oder die Versorgung der Abf\u00fcllanlagen.<\/p>\n<p>RoggeTec Mader GmbH\u00a0baut Anlagen, die diesen hohen Anforderungen gerecht werden.<\/p>\n<h4>H\u00e4ufig wird in der Kosmetikbranche die Steuerung von Prozessen in\u00a0<strong>Druckbeh\u00e4ltern gefordert<\/strong>.<\/h4>\n<p>Wir fertigen Edelstahldruckbeh\u00e4lter\u00a0speziell\u00a0f\u00fcr die Kosmetikindustrie aus hochwertigen Werkstoffen, wie z. B. 1.4435.<\/p>\n<p>Wir produzieren nach eigenen Konstruktionen oder nach Ihren Zeichnungen und\u00a0\u00fcbernehmen die Planung\u00a0<a href=\"http:\/\/www.mader-apparatebau.de\/metall\/leistungen-2\/lebensmittelindustrie\/\"><strong>komplexer Fertigungsanlagen<\/strong><\/a>. Wir gehen genau auf Ihre Vorgaben ein. Auf unsere langj\u00e4hrige Erfahrung k\u00f6nnen Sie dabei z\u00e4hlen.<\/p>\n<ul>\n<li>Einfachste, automatische Reinigung<\/li>\n<li>Wasseraufbereitung, Lager-, Verteil- und Dosiersysteme<\/li>\n<li>Rohstofflagertechnik<\/li>\n<li>Mischsysteme \u00a0(f\u00fcr sterile Produkte)<\/li>\n<\/ul>\n<p><div class=\"tiled-gallery type-rectangular tiled-gallery-unresized\" data-original-width=\"660\" data-carousel-extra='{&quot;blog_id&quot;:1,&quot;permalink&quot;:&quot;https:\\\/\\\/www.mader-apparatebau.de\\\/metall\\\/kosmetikindustrie\\\/&quot;,&quot;likes_blog_id&quot;:40636215}' itemscope itemtype=\"http:\/\/schema.org\/ImageGallery\" > <div class=\"gallery-row\" style=\"width: 660px; height: 199px;\" data-original-width=\"660\" data-original-height=\"199\" > <div class=\"gallery-group images-1\" style=\"width: 329px; height: 199px;\" data-original-width=\"329\" data-original-height=\"199\" > <div class=\"tiled-gallery-item tiled-gallery-item-large\" itemprop=\"associatedMedia\" itemscope itemtype=\"http:\/\/schema.org\/ImageObject\"> <a href=\"https:\/\/www.mader-apparatebau.de\/metall\/?attachment_id=489\" border=\"0\" itemprop=\"url\"> <meta itemprop=\"width\" content=\"325\"> <meta itemprop=\"height\" content=\"195\"> <img data-attachment-id=\"489\" data-orig-file=\"https:\/\/www.mader-apparatebau.de\/metall\/wp-content\/uploads\/2013\/12\/mannloch-gross.jpg\" data-orig-size=\"600,360\" data-comments-opened=\"1\" data-image-meta=\"{&quot;aperture&quot;:&quot;0&quot;,&quot;credit&quot;:&quot;&quot;,&quot;camera&quot;:&quot;&quot;,&quot;caption&quot;:&quot;&quot;,&quot;created_timestamp&quot;:&quot;0&quot;,&quot;copyright&quot;:&quot;&quot;,&quot;focal_length&quot;:&quot;0&quot;,&quot;iso&quot;:&quot;0&quot;,&quot;shutter_speed&quot;:&quot;0&quot;,&quot;title&quot;:&quot;&quot;}\" data-image-title=\"mannloch-gross\" data-image-description=\"\" data-medium-file=\"https:\/\/www.mader-apparatebau.de\/metall\/wp-content\/uploads\/2013\/12\/mannloch-gross-300x180.jpg\" data-large-file=\"https:\/\/www.mader-apparatebau.de\/metall\/wp-content\/uploads\/2013\/12\/mannloch-gross.jpg\" src=\"https:\/\/i0.wp.com\/www.mader-apparatebau.de\/metall\/wp-content\/uploads\/2013\/12\/mannloch-gross.jpg?w=325&#038;h=195&#038;ssl=1\" width=\"325\" height=\"195\" data-original-width=\"325\" data-original-height=\"195\" itemprop=\"http:\/\/schema.org\/image\" title=\"mannloch-gross\" alt=\"Mannloch in einem Edelstahlbeh\u00e4lter\" style=\"width: 325px; height: 195px;\" \/> <\/a> <div class=\"tiled-gallery-caption\" itemprop=\"caption description\"> Mannloch in einem Edelstahlbeh\u00e4lter <\/div> <\/div> <\/div> <!-- close group --> <div class=\"gallery-group images-1\" style=\"width: 331px; height: 199px;\" data-original-width=\"331\" data-original-height=\"199\" > <div class=\"tiled-gallery-item tiled-gallery-item-large\" itemprop=\"associatedMedia\" itemscope itemtype=\"http:\/\/schema.org\/ImageObject\"> <a href=\"https:\/\/www.mader-apparatebau.de\/metall\/?attachment_id=353\" border=\"0\" itemprop=\"url\"> <meta itemprop=\"width\" content=\"327\"> <meta itemprop=\"height\" content=\"195\"> <img data-attachment-id=\"353\" data-orig-file=\"https:\/\/www.mader-apparatebau.de\/metall\/wp-content\/uploads\/2012\/09\/kosmetik-anlage.jpg\" data-orig-size=\"600,358\" data-comments-opened=\"1\" data-image-meta=\"{&quot;aperture&quot;:&quot;2.2&quot;,&quot;credit&quot;:&quot;Gerhardt Robert&quot;,&quot;camera&quot;:&quot;Canon EOS Kiss X4&quot;,&quot;caption&quot;:&quot;&quot;,&quot;created_timestamp&quot;:&quot;1298369561&quot;,&quot;copyright&quot;:&quot;RGtimeline - Fotolia&quot;,&quot;focal_length&quot;:&quot;50&quot;,&quot;iso&quot;:&quot;200&quot;,&quot;shutter_speed&quot;:&quot;0.02&quot;,&quot;title&quot;:&quot;Pharmaceutical Worker At Work&quot;}\" data-image-title=\"Kosmetikindustrie Anlage\" data-image-description=\"\" data-medium-file=\"https:\/\/www.mader-apparatebau.de\/metall\/wp-content\/uploads\/2012\/09\/kosmetik-anlage-300x179.jpg\" data-large-file=\"https:\/\/www.mader-apparatebau.de\/metall\/wp-content\/uploads\/2012\/09\/kosmetik-anlage.jpg\" src=\"https:\/\/i0.wp.com\/www.mader-apparatebau.de\/metall\/wp-content\/uploads\/2012\/09\/kosmetik-anlage.jpg?w=327&#038;h=195&#038;ssl=1\" width=\"327\" height=\"195\" data-original-width=\"327\" data-original-height=\"195\" itemprop=\"http:\/\/schema.org\/image\" title=\"Kosmetikindustrie Anlage\" alt=\"Kosmetikindustrie Anlage\" style=\"width: 327px; height: 195px;\" \/> <\/a> <\/div> <\/div> <!-- close group --> <\/div> <!-- close row --> <div class=\"gallery-row\" style=\"width: 660px; height: 100px;\" data-original-width=\"660\" data-original-height=\"100\" > <div class=\"gallery-group images-1\" style=\"width: 165px; height: 100px;\" data-original-width=\"165\" data-original-height=\"100\" > <div class=\"tiled-gallery-item tiled-gallery-item-small\" itemprop=\"associatedMedia\" itemscope itemtype=\"http:\/\/schema.org\/ImageObject\"> <a href=\"https:\/\/www.mader-apparatebau.de\/metall\/?attachment_id=482\" border=\"0\" itemprop=\"url\"> <meta itemprop=\"width\" content=\"161\"> <meta itemprop=\"height\" content=\"96\"> <img data-attachment-id=\"482\" data-orig-file=\"https:\/\/www.mader-apparatebau.de\/metall\/wp-content\/uploads\/2013\/12\/ruerwerk-innen2.jpg\" data-orig-size=\"600,360\" data-comments-opened=\"1\" data-image-meta=\"{&quot;aperture&quot;:&quot;0&quot;,&quot;credit&quot;:&quot;&quot;,&quot;camera&quot;:&quot;&quot;,&quot;caption&quot;:&quot;&quot;,&quot;created_timestamp&quot;:&quot;0&quot;,&quot;copyright&quot;:&quot;&quot;,&quot;focal_length&quot;:&quot;0&quot;,&quot;iso&quot;:&quot;0&quot;,&quot;shutter_speed&quot;:&quot;0&quot;,&quot;title&quot;:&quot;&quot;}\" data-image-title=\"R\u00fchrwerk aus Edelstahl\" data-image-description=\"\" data-medium-file=\"https:\/\/www.mader-apparatebau.de\/metall\/wp-content\/uploads\/2013\/12\/ruerwerk-innen2-300x180.jpg\" data-large-file=\"https:\/\/www.mader-apparatebau.de\/metall\/wp-content\/uploads\/2013\/12\/ruerwerk-innen2.jpg\" src=\"https:\/\/i0.wp.com\/www.mader-apparatebau.de\/metall\/wp-content\/uploads\/2013\/12\/ruerwerk-innen2.jpg?w=161&#038;h=96&#038;ssl=1\" width=\"161\" height=\"96\" data-original-width=\"161\" data-original-height=\"96\" itemprop=\"http:\/\/schema.org\/image\" title=\"R\u00fchrwerk aus Edelstahl\" alt=\"R\u00fchrwerk aus Edelstahl\" style=\"width: 161px; height: 96px;\" \/> <\/a> <div class=\"tiled-gallery-caption\" itemprop=\"caption description\"> R\u00fchrwerk eines Edelstahlbeh\u00e4lters <\/div> <\/div> <\/div> <!-- close group --> <div class=\"gallery-group images-1\" style=\"width: 165px; height: 100px;\" data-original-width=\"165\" data-original-height=\"100\" > <div class=\"tiled-gallery-item tiled-gallery-item-small\" itemprop=\"associatedMedia\" itemscope itemtype=\"http:\/\/schema.org\/ImageObject\"> <a href=\"https:\/\/www.mader-apparatebau.de\/metall\/?attachment_id=363\" border=\"0\" itemprop=\"url\"> <meta itemprop=\"width\" content=\"161\"> <meta itemprop=\"height\" content=\"96\"> <img data-attachment-id=\"363\" data-orig-file=\"https:\/\/www.mader-apparatebau.de\/metall\/wp-content\/uploads\/2012\/09\/Druckuhr.jpg\" data-orig-size=\"600,358\" data-comments-opened=\"1\" data-image-meta=\"{&quot;aperture&quot;:&quot;2.8&quot;,&quot;credit&quot;:&quot;LE image - Fotolia&quot;,&quot;camera&quot;:&quot;NIKON D90&quot;,&quot;caption&quot;:&quot;&quot;,&quot;created_timestamp&quot;:&quot;1326974125&quot;,&quot;copyright&quot;:&quot;LE image - Fotolia&quot;,&quot;focal_length&quot;:&quot;24&quot;,&quot;iso&quot;:&quot;500&quot;,&quot;shutter_speed&quot;:&quot;0.033333333333333&quot;,&quot;title&quot;:&quot;Druckmessung Rohrleitungssystem Kraftwerk&quot;}\" data-image-title=\"Druck\" data-image-description=\"\" data-medium-file=\"https:\/\/www.mader-apparatebau.de\/metall\/wp-content\/uploads\/2012\/09\/Druckuhr-300x179.jpg\" data-large-file=\"https:\/\/www.mader-apparatebau.de\/metall\/wp-content\/uploads\/2012\/09\/Druckuhr.jpg\" src=\"https:\/\/i0.wp.com\/www.mader-apparatebau.de\/metall\/wp-content\/uploads\/2012\/09\/Druckuhr.jpg?w=161&#038;h=96&#038;ssl=1\" width=\"161\" height=\"96\" data-original-width=\"161\" data-original-height=\"96\" itemprop=\"http:\/\/schema.org\/image\" title=\"Druck\" alt=\"Druck\" style=\"width: 161px; height: 96px;\" \/> <\/a> <\/div> <\/div> <!-- close group --> <div class=\"gallery-group images-1\" style=\"width: 165px; height: 100px;\" data-original-width=\"165\" data-original-height=\"100\" > <div class=\"tiled-gallery-item tiled-gallery-item-small\" itemprop=\"associatedMedia\" itemscope itemtype=\"http:\/\/schema.org\/ImageObject\"> <a href=\"https:\/\/www.mader-apparatebau.de\/metall\/?attachment_id=351\" border=\"0\" itemprop=\"url\"> <meta itemprop=\"width\" content=\"161\"> <meta itemprop=\"height\" content=\"96\"> <img data-attachment-id=\"351\" data-orig-file=\"https:\/\/www.mader-apparatebau.de\/metall\/wp-content\/uploads\/2012\/08\/Kosmetik-anlage2.jpg\" data-orig-size=\"600,358\" data-comments-opened=\"1\" data-image-meta=\"{&quot;aperture&quot;:&quot;2.5&quot;,&quot;credit&quot;:&quot;Gerhardt Robert&quot;,&quot;camera&quot;:&quot;Canon EOS Kiss X4&quot;,&quot;caption&quot;:&quot;&quot;,&quot;created_timestamp&quot;:&quot;1298369859&quot;,&quot;copyright&quot;:&quot;RGtimeline - Fotolia&quot;,&quot;focal_length&quot;:&quot;50&quot;,&quot;iso&quot;:&quot;200&quot;,&quot;shutter_speed&quot;:&quot;0.02&quot;,&quot;title&quot;:&quot;Pharmaceutical Manufacturing&quot;}\" data-image-title=\"Pharmaceutical Manufacturing\" data-image-description=\"\" data-medium-file=\"https:\/\/www.mader-apparatebau.de\/metall\/wp-content\/uploads\/2012\/08\/Kosmetik-anlage2-300x179.jpg\" data-large-file=\"https:\/\/www.mader-apparatebau.de\/metall\/wp-content\/uploads\/2012\/08\/Kosmetik-anlage2.jpg\" src=\"https:\/\/i0.wp.com\/www.mader-apparatebau.de\/metall\/wp-content\/uploads\/2012\/08\/Kosmetik-anlage2.jpg?w=161&#038;h=96&#038;ssl=1\" width=\"161\" height=\"96\" data-original-width=\"161\" data-original-height=\"96\" itemprop=\"http:\/\/schema.org\/image\" title=\"Pharmaceutical Manufacturing\" alt=\"Pharmaceutical Manufacturing\" style=\"width: 161px; height: 96px;\" \/> <\/a> <\/div> <\/div> <!-- close group --> <div class=\"gallery-group images-1\" style=\"width: 165px; height: 100px;\" data-original-width=\"165\" data-original-height=\"100\" > <div class=\"tiled-gallery-item tiled-gallery-item-small\" itemprop=\"associatedMedia\" itemscope itemtype=\"http:\/\/schema.org\/ImageObject\"> <a href=\"https:\/\/www.mader-apparatebau.de\/metall\/?attachment_id=501\" border=\"0\" itemprop=\"url\"> <meta itemprop=\"width\" content=\"161\"> <meta itemprop=\"height\" content=\"96\"> <img data-attachment-id=\"501\" data-orig-file=\"https:\/\/www.mader-apparatebau.de\/metall\/wp-content\/uploads\/2012\/09\/mannloch4.jpg\" data-orig-size=\"600,360\" data-comments-opened=\"1\" data-image-meta=\"{&quot;aperture&quot;:&quot;0&quot;,&quot;credit&quot;:&quot;&quot;,&quot;camera&quot;:&quot;&quot;,&quot;caption&quot;:&quot;&quot;,&quot;created_timestamp&quot;:&quot;0&quot;,&quot;copyright&quot;:&quot;&quot;,&quot;focal_length&quot;:&quot;0&quot;,&quot;iso&quot;:&quot;0&quot;,&quot;shutter_speed&quot;:&quot;0&quot;,&quot;title&quot;:&quot;&quot;}\" data-image-title=\"Mannloch eines Eedelstahlbeh\u00e4lters\" data-image-description=\"\" data-medium-file=\"https:\/\/www.mader-apparatebau.de\/metall\/wp-content\/uploads\/2012\/09\/mannloch4-300x180.jpg\" data-large-file=\"https:\/\/www.mader-apparatebau.de\/metall\/wp-content\/uploads\/2012\/09\/mannloch4.jpg\" src=\"https:\/\/i0.wp.com\/www.mader-apparatebau.de\/metall\/wp-content\/uploads\/2012\/09\/mannloch4.jpg?w=161&#038;h=96&#038;ssl=1\" width=\"161\" height=\"96\" data-original-width=\"161\" data-original-height=\"96\" itemprop=\"http:\/\/schema.org\/image\" title=\"Mannloch eines Eedelstahlbeh\u00e4lters\" alt=\"Mannloch eines Edelstahlbeh\u00e4lters\" style=\"width: 161px; height: 96px;\" \/> <\/a> <div class=\"tiled-gallery-caption\" itemprop=\"caption description\"> Mannloch eines Edelstahlbeh\u00e4lters <\/div> <\/div> <\/div> <!-- close group --> <\/div> <!-- close row --> <\/div><\/p>\n<div class=\"shariff shariff-align-flex-start shariff-widget-align-flex-start\"><ul class=\"shariff-buttons theme-round orientation-horizontal buttonsize-medium\"><li class=\"shariff-button facebook shariff-nocustomcolor\" style=\"background-color:#4273c8\"><a href=\"https:\/\/www.facebook.com\/sharer\/sharer.php?u=https%3A%2F%2Fwww.mader-apparatebau.de%2Fmetall%2Fkosmetikindustrie%2F\" title=\"Bei Facebook teilen\" aria-label=\"Bei Facebook teilen\" role=\"button\" rel=\"nofollow\" class=\"shariff-link\" style=\"; background-color:#3b5998; color:#fff\" target=\"_blank\"><span class=\"shariff-icon\" style=\"\"><svg width=\"32px\" height=\"20px\" xmlns=\"http:\/\/www.w3.org\/2000\/svg\" viewBox=\"0 0 18 32\"><path fill=\"#3b5998\" d=\"M17.1 0.2v4.7h-2.8q-1.5 0-2.1 0.6t-0.5 1.9v3.4h5.2l-0.7 5.3h-4.5v13.6h-5.5v-13.6h-4.5v-5.3h4.5v-3.9q0-3.3 1.9-5.2t5-1.8q2.6 0 4.1 0.2z\"\/><\/svg><\/span><\/a><\/li><li class=\"shariff-button twitter shariff-nocustomcolor\" style=\"background-color:#32bbf5\"><a href=\"https:\/\/twitter.com\/share?url=https%3A%2F%2Fwww.mader-apparatebau.de%2Fmetall%2Fkosmetikindustrie%2F&text=Kosmetikindustrie\" title=\"Bei Twitter teilen\" aria-label=\"Bei Twitter teilen\" role=\"button\" rel=\"noopener nofollow\" class=\"shariff-link\" style=\"; background-color:#55acee; color:#fff\" target=\"_blank\"><span class=\"shariff-icon\" style=\"\"><svg width=\"32px\" height=\"20px\" xmlns=\"http:\/\/www.w3.org\/2000\/svg\" viewBox=\"0 0 30 32\"><path fill=\"#55acee\" d=\"M29.7 6.8q-1.2 1.8-3 3.1 0 0.3 0 0.8 0 2.5-0.7 4.9t-2.2 4.7-3.5 4-4.9 2.8-6.1 1q-5.1 0-9.3-2.7 0.6 0.1 1.5 0.1 4.3 0 7.6-2.6-2-0.1-3.5-1.2t-2.2-3q0.6 0.1 1.1 0.1 0.8 0 1.6-0.2-2.1-0.4-3.5-2.1t-1.4-3.9v-0.1q1.3 0.7 2.8 0.8-1.2-0.8-2-2.2t-0.7-2.9q0-1.7 0.8-3.1 2.3 2.8 5.5 4.5t7 1.9q-0.2-0.7-0.2-1.4 0-2.5 1.8-4.3t4.3-1.8q2.7 0 4.5 1.9 2.1-0.4 3.9-1.5-0.7 2.2-2.7 3.4 1.8-0.2 3.5-0.9z\"\/><\/svg><\/span><\/a><\/li><li class=\"shariff-button whatsapp shariff-nocustomcolor\" style=\"background-color:#5cbe4a\"><a href=\"https:\/\/api.whatsapp.com\/send?text=https%3A%2F%2Fwww.mader-apparatebau.de%2Fmetall%2Fkosmetikindustrie%2F%20Kosmetikindustrie\" title=\"Bei Whatsapp teilen\" aria-label=\"Bei Whatsapp teilen\" role=\"button\" rel=\"noopener nofollow\" class=\"shariff-link\" style=\"; background-color:#34af23; color:#fff\" target=\"_blank\"><span class=\"shariff-icon\" style=\"\"><svg width=\"32px\" height=\"20px\" xmlns=\"http:\/\/www.w3.org\/2000\/svg\" viewBox=\"0 0 32 32\"><path fill=\"#34af23\" d=\"M17.6 17.4q0.2 0 1.7 0.8t1.6 0.9q0 0.1 0 0.3 0 0.6-0.3 1.4-0.3 0.7-1.3 1.2t-1.8 0.5q-1 0-3.4-1.1-1.7-0.8-3-2.1t-2.6-3.3q-1.3-1.9-1.3-3.5v-0.1q0.1-1.6 1.3-2.8 0.4-0.4 0.9-0.4 0.1 0 0.3 0t0.3 0q0.3 0 0.5 0.1t0.3 0.5q0.1 0.4 0.6 1.6t0.4 1.3q0 0.4-0.6 1t-0.6 0.8q0 0.1 0.1 0.3 0.6 1.3 1.8 2.4 1 0.9 2.7 1.8 0.2 0.1 0.4 0.1 0.3 0 1-0.9t0.9-0.9zM14 26.9q2.3 0 4.3-0.9t3.6-2.4 2.4-3.6 0.9-4.3-0.9-4.3-2.4-3.6-3.6-2.4-4.3-0.9-4.3 0.9-3.6 2.4-2.4 3.6-0.9 4.3q0 3.6 2.1 6.6l-1.4 4.2 4.3-1.4q2.8 1.9 6.2 1.9zM14 2.2q2.7 0 5.2 1.1t4.3 2.9 2.9 4.3 1.1 5.2-1.1 5.2-2.9 4.3-4.3 2.9-5.2 1.1q-3.5 0-6.5-1.7l-7.4 2.4 2.4-7.2q-1.9-3.2-1.9-6.9 0-2.7 1.1-5.2t2.9-4.3 4.3-2.9 5.2-1.1z\"\/><\/svg><\/span><\/a><\/li><li class=\"shariff-button mailto shariff-nocustomcolor\" style=\"background-color:#a8a8a8\"><a href=\"mailto:?body=https%3A%2F%2Fwww.mader-apparatebau.de%2Fmetall%2Fkosmetikindustrie%2F&subject=Kosmetikindustrie\" title=\"Per E-Mail versenden\" aria-label=\"Per E-Mail versenden\" role=\"button\" rel=\"noopener nofollow\" class=\"shariff-link\" style=\"; background-color:#999; color:#fff\"><span class=\"shariff-icon\" style=\"\"><svg width=\"32px\" height=\"20px\" xmlns=\"http:\/\/www.w3.org\/2000\/svg\" viewBox=\"0 0 32 32\"><path fill=\"#999\" d=\"M32 12.7v14.2q0 1.2-0.8 2t-2 0.9h-26.3q-1.2 0-2-0.9t-0.8-2v-14.2q0.8 0.9 1.8 1.6 6.5 4.4 8.9 6.1 1 0.8 1.6 1.2t1.7 0.9 2 0.4h0.1q0.9 0 2-0.4t1.7-0.9 1.6-1.2q3-2.2 8.9-6.1 1-0.7 1.8-1.6zM32 7.4q0 1.4-0.9 2.7t-2.2 2.2q-6.7 4.7-8.4 5.8-0.2 0.1-0.7 0.5t-1 0.7-0.9 0.6-1.1 0.5-0.9 0.2h-0.1q-0.4 0-0.9-0.2t-1.1-0.5-0.9-0.6-1-0.7-0.7-0.5q-1.6-1.1-4.7-3.2t-3.6-2.6q-1.1-0.7-2.1-2t-1-2.5q0-1.4 0.7-2.3t2.1-0.9h26.3q1.2 0 2 0.8t0.9 2z\"\/><\/svg><\/span><\/a><\/li><\/ul><\/div>","protected":false},"excerpt":{"rendered":"<p>In der Kosmetikindustrie werden Anlagen mit unterschiedlichsten Anforderungen ben\u00f6tigt. R\u00fchrwerksbeh\u00e4lter zum Mischen und Kneten, Lagerbeh\u00e4lter, Prozessbeh\u00e4lter zum Temperieren, Ansatzbeh\u00e4lter oder die Versorgung der Abf\u00fcllanlagen. RoggeTec Mader GmbH\u00a0baut Anlagen, die diesen hohen Anforderungen gerecht werden. H\u00e4ufig wird in der Kosmetikbranche die Steuerung von Prozessen in\u00a0Druckbeh\u00e4ltern gefordert. Wir fertigen Edelstahldruckbeh\u00e4lter\u00a0speziell\u00a0f\u00fcr die Kosmetikindustrie &#8230;<\/p>\n<div class=\"shariff shariff-align-flex-start shariff-widget-align-flex-start\"><ul class=\"shariff-buttons theme-round orientation-horizontal buttonsize-medium\"><li class=\"shariff-button facebook shariff-nocustomcolor\" style=\"background-color:#4273c8\"><a href=\"https:\/\/www.facebook.com\/sharer\/sharer.php?u=https%3A%2F%2Fwww.mader-apparatebau.de%2Fmetall%2Fkosmetikindustrie%2F\" title=\"Bei Facebook teilen\" aria-label=\"Bei Facebook teilen\" role=\"button\" rel=\"nofollow\" class=\"shariff-link\" style=\"; background-color:#3b5998; color:#fff\" target=\"_blank\"><span class=\"shariff-icon\" style=\"\"><svg width=\"32px\" height=\"20px\" xmlns=\"http:\/\/www.w3.org\/2000\/svg\" viewBox=\"0 0 18 32\"><path fill=\"#3b5998\" d=\"M17.1 0.2v4.7h-2.8q-1.5 0-2.1 0.6t-0.5 1.9v3.4h5.2l-0.7 5.3h-4.5v13.6h-5.5v-13.6h-4.5v-5.3h4.5v-3.9q0-3.3 1.9-5.2t5-1.8q2.6 0 4.1 0.2z\"\/><\/svg><\/span><\/a><\/li><li class=\"shariff-button twitter shariff-nocustomcolor\" style=\"background-color:#32bbf5\"><a href=\"https:\/\/twitter.com\/share?url=https%3A%2F%2Fwww.mader-apparatebau.de%2Fmetall%2Fkosmetikindustrie%2F&text=Kosmetikindustrie\" title=\"Bei Twitter teilen\" aria-label=\"Bei Twitter teilen\" role=\"button\" rel=\"noopener nofollow\" class=\"shariff-link\" style=\"; background-color:#55acee; color:#fff\" target=\"_blank\"><span class=\"shariff-icon\" style=\"\"><svg width=\"32px\" height=\"20px\" xmlns=\"http:\/\/www.w3.org\/2000\/svg\" viewBox=\"0 0 30 32\"><path fill=\"#55acee\" d=\"M29.7 6.8q-1.2 1.8-3 3.1 0 0.3 0 0.8 0 2.5-0.7 4.9t-2.2 4.7-3.5 4-4.9 2.8-6.1 1q-5.1 0-9.3-2.7 0.6 0.1 1.5 0.1 4.3 0 7.6-2.6-2-0.1-3.5-1.2t-2.2-3q0.6 0.1 1.1 0.1 0.8 0 1.6-0.2-2.1-0.4-3.5-2.1t-1.4-3.9v-0.1q1.3 0.7 2.8 0.8-1.2-0.8-2-2.2t-0.7-2.9q0-1.7 0.8-3.1 2.3 2.8 5.5 4.5t7 1.9q-0.2-0.7-0.2-1.4 0-2.5 1.8-4.3t4.3-1.8q2.7 0 4.5 1.9 2.1-0.4 3.9-1.5-0.7 2.2-2.7 3.4 1.8-0.2 3.5-0.9z\"\/><\/svg><\/span><\/a><\/li><li class=\"shariff-button whatsapp shariff-nocustomcolor\" style=\"background-color:#5cbe4a\"><a href=\"https:\/\/api.whatsapp.com\/send?text=https%3A%2F%2Fwww.mader-apparatebau.de%2Fmetall%2Fkosmetikindustrie%2F%20Kosmetikindustrie\" title=\"Bei Whatsapp teilen\" aria-label=\"Bei Whatsapp teilen\" role=\"button\" rel=\"noopener nofollow\" class=\"shariff-link\" style=\"; background-color:#34af23; color:#fff\" target=\"_blank\"><span class=\"shariff-icon\" style=\"\"><svg width=\"32px\" height=\"20px\" xmlns=\"http:\/\/www.w3.org\/2000\/svg\" viewBox=\"0 0 32 32\"><path fill=\"#34af23\" d=\"M17.6 17.4q0.2 0 1.7 0.8t1.6 0.9q0 0.1 0 0.3 0 0.6-0.3 1.4-0.3 0.7-1.3 1.2t-1.8 0.5q-1 0-3.4-1.1-1.7-0.8-3-2.1t-2.6-3.3q-1.3-1.9-1.3-3.5v-0.1q0.1-1.6 1.3-2.8 0.4-0.4 0.9-0.4 0.1 0 0.3 0t0.3 0q0.3 0 0.5 0.1t0.3 0.5q0.1 0.4 0.6 1.6t0.4 1.3q0 0.4-0.6 1t-0.6 0.8q0 0.1 0.1 0.3 0.6 1.3 1.8 2.4 1 0.9 2.7 1.8 0.2 0.1 0.4 0.1 0.3 0 1-0.9t0.9-0.9zM14 26.9q2.3 0 4.3-0.9t3.6-2.4 2.4-3.6 0.9-4.3-0.9-4.3-2.4-3.6-3.6-2.4-4.3-0.9-4.3 0.9-3.6 2.4-2.4 3.6-0.9 4.3q0 3.6 2.1 6.6l-1.4 4.2 4.3-1.4q2.8 1.9 6.2 1.9zM14 2.2q2.7 0 5.2 1.1t4.3 2.9 2.9 4.3 1.1 5.2-1.1 5.2-2.9 4.3-4.3 2.9-5.2 1.1q-3.5 0-6.5-1.7l-7.4 2.4 2.4-7.2q-1.9-3.2-1.9-6.9 0-2.7 1.1-5.2t2.9-4.3 4.3-2.9 5.2-1.1z\"\/><\/svg><\/span><\/a><\/li><li class=\"shariff-button mailto shariff-nocustomcolor\" style=\"background-color:#a8a8a8\"><a href=\"mailto:?body=https%3A%2F%2Fwww.mader-apparatebau.de%2Fmetall%2Fkosmetikindustrie%2F&subject=Kosmetikindustrie\" title=\"Per E-Mail versenden\" aria-label=\"Per E-Mail versenden\" role=\"button\" rel=\"noopener nofollow\" class=\"shariff-link\" style=\"; background-color:#999; color:#fff\"><span class=\"shariff-icon\" style=\"\"><svg width=\"32px\" height=\"20px\" xmlns=\"http:\/\/www.w3.org\/2000\/svg\" viewBox=\"0 0 32 32\"><path fill=\"#999\" d=\"M32 12.7v14.2q0 1.2-0.8 2t-2 0.9h-26.3q-1.2 0-2-0.9t-0.8-2v-14.2q0.8 0.9 1.8 1.6 6.5 4.4 8.9 6.1 1 0.8 1.6 1.2t1.7 0.9 2 0.4h0.1q0.9 0 2-0.4t1.7-0.9 1.6-1.2q3-2.2 8.9-6.1 1-0.7 1.8-1.6zM32 7.4q0 1.4-0.9 2.7t-2.2 2.2q-6.7 4.7-8.4 5.8-0.2 0.1-0.7 0.5t-1 0.7-0.9 0.6-1.1 0.5-0.9 0.2h-0.1q-0.4 0-0.9-0.2t-1.1-0.5-0.9-0.6-1-0.7-0.7-0.5q-1.6-1.1-4.7-3.2t-3.6-2.6q-1.1-0.7-2.1-2t-1-2.5q0-1.4 0.7-2.3t2.1-0.9h26.3q1.2 0 2 0.8t0.9 2z\"\/><\/svg><\/span><\/a><\/li><\/ul><\/div>","protected":false},"author":3,"featured_media":0,"parent":0,"menu_order":0,"comment_status":"closed","ping_status":"open","template":"","meta":{"jetpack_post_was_ever_published":false},"aioseo_notices":[],"jetpack_shortlink":"https:\/\/wp.me\/P2KvkP-5q","_links":{"self":[{"href":"https:\/\/www.mader-apparatebau.de\/metall\/wp-json\/wp\/v2\/pages\/336"}],"collection":[{"href":"https:\/\/www.mader-apparatebau.de\/metall\/wp-json\/wp\/v2\/pages"}],"about":[{"href":"https:\/\/www.mader-apparatebau.de\/metall\/wp-json\/wp\/v2\/types\/page"}],"author":[{"embeddable":true,"href":"https:\/\/www.mader-apparatebau.de\/metall\/wp-json\/wp\/v2\/users\/3"}],"replies":[{"embeddable":true,"href":"https:\/\/www.mader-apparatebau.de\/metall\/wp-json\/wp\/v2\/comments?post=336"}],"version-history":[{"count":0,"href":"https:\/\/www.mader-apparatebau.de\/metall\/wp-json\/wp\/v2\/pages\/336\/revisions"}],"wp:attachment":[{"href":"https:\/\/www.mader-apparatebau.de\/metall\/wp-json\/wp\/v2\/media?parent=336"}],"curies":[{"name":"wp","href":"https:\/\/api.w.org\/{rel}","templated":true}]}}