{"id":637,"date":"2015-10-16T09:21:52","date_gmt":"2015-10-16T07:21:52","guid":{"rendered":"http:\/\/www.mader-apparatebau.de\/metall\/?page_id=637"},"modified":"2016-12-19T14:42:45","modified_gmt":"2016-12-19T12:42:45","slug":"dekompakt-brauanlage","status":"publish","type":"page","link":"https:\/\/www.mader-apparatebau.de\/metall\/dekompakt-brauanlage\/","title":{"rendered":"Kompakt-Brauanlage"},"content":{"rendered":"<p><\/p>\n<p class=\"p1\"><span class=\"s1\">Monoblock-Bauweise mit beheiztem Boden und Mantel ausgestattet,\u00a0<\/span><span class=\"s1\">auf Edelstahlrahmen.<\/span><\/p>\n<h2 class=\"p1\"><span class=\"s1\">Wir planen, bauen ma\u00dfgeschneiderte Mikro-\/Kompakt-Brauanlagen <\/span><\/h2>\n<p class=\"p1\"><span class=\"s1\">mit einer Jahreskapazit\u00e4t von 500 bis 5000 hl f\u00fcr die Herstellung von allen Arten von Biersorten nach individuellen Anforderungen.\u00a0<\/span><\/p>\n<ul>\n<li class=\"p1\"><span class=\"s1\">Mischer<\/span><\/li>\n<li class=\"p1\"><span class=\"s1\">L\u00e4uterbeh\u00e4lter<\/span><\/li>\n<li class=\"p1\"><span class=\"s1\">Wasserkocher<\/span><\/li>\n<li class=\"p1\"><span class=\"s1\">Getreidem\u00fchle<\/span><\/li>\n<li class=\"p1\"><span class=\"s1\">Pumpen<\/span><\/li>\n<li class=\"p1\"><span class=\"s1\">Kontrollanzeige<\/span><\/li>\n<li class=\"p1\"><span class=\"s1\">einstellbare Drehgeschwindigkeit und viele andere Optionen<\/span><\/li>\n<li class=\"p1\"><span class=\"s1\">alle Materialien sind zertifiziert , nach Standard AD 2000<\/span><\/li>\n<li class=\"p1\"><span class=\"s1\">Brosch\u00fcre \u00fcber Brauerei und Bierrezepte<\/span><\/li>\n<\/ul>\n<p><div class=\"tiled-gallery type-rectangular tiled-gallery-unresized\" data-original-width=\"660\" data-carousel-extra='{&quot;blog_id&quot;:1,&quot;permalink&quot;:&quot;https:\\\/\\\/www.mader-apparatebau.de\\\/metall\\\/dekompakt-brauanlage\\\/&quot;,&quot;likes_blog_id&quot;:40636215}' itemscope itemtype=\"http:\/\/schema.org\/ImageGallery\" > <div class=\"gallery-row\" style=\"width: 660px; height: 295px;\" data-original-width=\"660\" data-original-height=\"295\" > <div class=\"gallery-group images-1\" style=\"width: 441px; height: 295px;\" data-original-width=\"441\" data-original-height=\"295\" > <div class=\"tiled-gallery-item tiled-gallery-item-large\" itemprop=\"associatedMedia\" itemscope itemtype=\"http:\/\/schema.org\/ImageObject\"> <a href=\"https:\/\/www.mader-apparatebau.de\/metall\/dekompakt-brauanlage\/young-hipsters-tasting-beer-together\/\" border=\"0\" itemprop=\"url\"> <meta itemprop=\"width\" content=\"437\"> <meta itemprop=\"height\" content=\"291\"> <img data-attachment-id=\"642\" data-orig-file=\"https:\/\/www.mader-apparatebau.de\/metall\/wp-content\/uploads\/2015\/10\/Fotolia_76043751_XS.jpg\" data-orig-size=\"424,283\" data-comments-opened=\"1\" data-image-meta=\"{&quot;aperture&quot;:&quot;0&quot;,&quot;credit&quot;:&quot;WavebreakMediaMicro - Fotolia&quot;,&quot;camera&quot;:&quot;&quot;,&quot;caption&quot;:&quot;404941&quot;,&quot;created_timestamp&quot;:&quot;0&quot;,&quot;copyright&quot;:&quot;WavebreakMediaMicro - Fotolia&quot;,&quot;focal_length&quot;:&quot;0&quot;,&quot;iso&quot;:&quot;0&quot;,&quot;shutter_speed&quot;:&quot;0&quot;,&quot;title&quot;:&quot;Young hipsters tasting beer together&quot;,&quot;orientation&quot;:&quot;1&quot;}\" data-image-title=\"Brauanlage\" data-image-description=\"\" data-medium-file=\"https:\/\/www.mader-apparatebau.de\/metall\/wp-content\/uploads\/2015\/10\/Fotolia_76043751_XS-300x200.jpg\" data-large-file=\"https:\/\/www.mader-apparatebau.de\/metall\/wp-content\/uploads\/2015\/10\/Fotolia_76043751_XS.jpg\" src=\"https:\/\/i0.wp.com\/www.mader-apparatebau.de\/metall\/wp-content\/uploads\/2015\/10\/Fotolia_76043751_XS.jpg?w=437&#038;h=291&#038;ssl=1\" width=\"437\" height=\"291\" data-original-width=\"437\" data-original-height=\"291\" itemprop=\"http:\/\/schema.org\/image\" title=\"Brauanlage\" alt=\"Brauanlage, Kompakt\" style=\"width: 437px; height: 291px;\" \/> <\/a> <\/div> <\/div> <!-- close group --> <div class=\"gallery-group images-2\" style=\"width: 219px; height: 295px;\" data-original-width=\"219\" data-original-height=\"295\" > <div class=\"tiled-gallery-item tiled-gallery-item-small\" itemprop=\"associatedMedia\" itemscope itemtype=\"http:\/\/schema.org\/ImageObject\"> <a href=\"https:\/\/www.mader-apparatebau.de\/metall\/dekompakt-brauanlage\/gruppe-hat-spass-im-biergarten-in-bayern\/\" border=\"0\" itemprop=\"url\"> <meta itemprop=\"width\" content=\"215\"> <meta itemprop=\"height\" content=\"144\"> <img data-attachment-id=\"640\" data-orig-file=\"https:\/\/www.mader-apparatebau.de\/metall\/wp-content\/uploads\/2015\/10\/Fotolia_69130133_XS.jpg\" data-orig-size=\"424,283\" data-comments-opened=\"1\" data-image-meta=\"{&quot;aperture&quot;:&quot;3.2&quot;,&quot;credit&quot;:&quot;Robert Kneschke - Fotolia&quot;,&quot;camera&quot;:&quot;Canon EOS 5D Mark III&quot;,&quot;caption&quot;:&quot;L\\u00e4chelnde Gruppe mit Bier und Brezeln hat Spa\\u00df im Biergarten in Bayern&quot;,&quot;created_timestamp&quot;:&quot;1403173702&quot;,&quot;copyright&quot;:&quot;Robert Kneschke - Fotolia&quot;,&quot;focal_length&quot;:&quot;30&quot;,&quot;iso&quot;:&quot;200&quot;,&quot;shutter_speed&quot;:&quot;0.01&quot;,&quot;title&quot;:&quot;Gruppe hat Spa\\u00df im Biergarten in Bayern&quot;,&quot;orientation&quot;:&quot;1&quot;}\" data-image-title=\"Biergarten in Bayern\" data-image-description=\"\" data-medium-file=\"https:\/\/www.mader-apparatebau.de\/metall\/wp-content\/uploads\/2015\/10\/Fotolia_69130133_XS-300x200.jpg\" data-large-file=\"https:\/\/www.mader-apparatebau.de\/metall\/wp-content\/uploads\/2015\/10\/Fotolia_69130133_XS.jpg\" src=\"https:\/\/i0.wp.com\/www.mader-apparatebau.de\/metall\/wp-content\/uploads\/2015\/10\/Fotolia_69130133_XS.jpg?w=215&#038;h=144&#038;ssl=1\" width=\"215\" height=\"144\" data-original-width=\"215\" data-original-height=\"144\" itemprop=\"http:\/\/schema.org\/image\" title=\"Biergarten in Bayern\" alt=\"Biergarten in Bayern\" style=\"width: 215px; height: 144px;\" \/> <\/a> <\/div> <div class=\"tiled-gallery-item tiled-gallery-item-small\" itemprop=\"associatedMedia\" itemscope itemtype=\"http:\/\/schema.org\/ImageObject\"> <a href=\"https:\/\/www.mader-apparatebau.de\/metall\/dekompakt-brauanlage\/waiter-is-drafting-a-beer-from-a-golden-spigot\/\" border=\"0\" itemprop=\"url\"> <meta itemprop=\"width\" content=\"215\"> <meta itemprop=\"height\" content=\"143\"> <img data-attachment-id=\"639\" data-orig-file=\"https:\/\/www.mader-apparatebau.de\/metall\/wp-content\/uploads\/2015\/10\/Fotolia_49829256_XS.jpg\" data-orig-size=\"424,283\" data-comments-opened=\"1\" data-image-meta=\"{&quot;aperture&quot;:&quot;2&quot;,&quot;credit&quot;:&quot;habrda - Fotolia&quot;,&quot;camera&quot;:&quot;Canon EOS 5D Mark II&quot;,&quot;caption&quot;:&quot;waiter is drafting a beer from a golden spigot&quot;,&quot;created_timestamp&quot;:&quot;1329177600&quot;,&quot;copyright&quot;:&quot;habrda - Fotolia&quot;,&quot;focal_length&quot;:&quot;50&quot;,&quot;iso&quot;:&quot;400&quot;,&quot;shutter_speed&quot;:&quot;0.05&quot;,&quot;title&quot;:&quot;waiter is drafting a beer from a golden spigot&quot;,&quot;orientation&quot;:&quot;1&quot;}\" data-image-title=\"Bier\" data-image-description=\"\" data-medium-file=\"https:\/\/www.mader-apparatebau.de\/metall\/wp-content\/uploads\/2015\/10\/Fotolia_49829256_XS-300x200.jpg\" data-large-file=\"https:\/\/www.mader-apparatebau.de\/metall\/wp-content\/uploads\/2015\/10\/Fotolia_49829256_XS.jpg\" src=\"https:\/\/i0.wp.com\/www.mader-apparatebau.de\/metall\/wp-content\/uploads\/2015\/10\/Fotolia_49829256_XS.jpg?w=215&#038;h=143&#038;ssl=1\" width=\"215\" height=\"143\" data-original-width=\"215\" data-original-height=\"143\" itemprop=\"http:\/\/schema.org\/image\" title=\"Bier\" alt=\"Bier\" style=\"width: 215px; height: 143px;\" \/> <\/a> <\/div> <\/div> <!-- close group --> <\/div> <!-- close row --> <div class=\"gallery-row\" style=\"width: 660px; height: 660px;\" data-original-width=\"660\" data-original-height=\"660\" > <div class=\"gallery-group images-1\" style=\"width: 660px; height: 660px;\" data-original-width=\"660\" data-original-height=\"660\" > <div class=\"tiled-gallery-item tiled-gallery-item-large\" itemprop=\"associatedMedia\" itemscope itemtype=\"http:\/\/schema.org\/ImageObject\"> <a href=\"https:\/\/www.mader-apparatebau.de\/metall\/dekompakt-brauanlage\/weizenbier-im-kornfeld\/\" border=\"0\" itemprop=\"url\"> <meta itemprop=\"width\" content=\"656\"> <meta itemprop=\"height\" content=\"656\"> <img data-attachment-id=\"641\" data-orig-file=\"https:\/\/www.mader-apparatebau.de\/metall\/wp-content\/uploads\/2015\/10\/Fotolia_74151574_XS.jpg\" data-orig-size=\"346,346\" data-comments-opened=\"1\" data-image-meta=\"{&quot;aperture&quot;:&quot;8&quot;,&quot;credit&quot;:&quot;rcfotostock - Fotolia&quot;,&quot;camera&quot;:&quot;Canon EOS 5D Mark III&quot;,&quot;caption&quot;:&quot;&quot;,&quot;created_timestamp&quot;:&quot;1375628407&quot;,&quot;copyright&quot;:&quot;rcfotostock - Fotolia&quot;,&quot;focal_length&quot;:&quot;33&quot;,&quot;iso&quot;:&quot;50&quot;,&quot;shutter_speed&quot;:&quot;0.005&quot;,&quot;title&quot;:&quot;Weizenbier im kornfeld&quot;,&quot;orientation&quot;:&quot;1&quot;}\" data-image-title=\"Weizenbier im kornfeld\" data-image-description=\"\" data-medium-file=\"https:\/\/www.mader-apparatebau.de\/metall\/wp-content\/uploads\/2015\/10\/Fotolia_74151574_XS-300x300.jpg\" data-large-file=\"https:\/\/www.mader-apparatebau.de\/metall\/wp-content\/uploads\/2015\/10\/Fotolia_74151574_XS.jpg\" src=\"https:\/\/i0.wp.com\/www.mader-apparatebau.de\/metall\/wp-content\/uploads\/2015\/10\/Fotolia_74151574_XS.jpg?w=656&#038;h=656&#038;crop=1&#038;ssl=1\" width=\"656\" height=\"656\" data-original-width=\"656\" data-original-height=\"656\" itemprop=\"http:\/\/schema.org\/image\" title=\"Weizenbier im kornfeld\" alt=\"Weizenbier im kornfeld\" style=\"width: 656px; height: 656px;\" \/> <\/a> <\/div> <\/div> <!-- close group --> <\/div> <!-- close row --> <\/div><\/p>\n<div class=\"shariff shariff-align-flex-start shariff-widget-align-flex-start\"><ul class=\"shariff-buttons theme-round orientation-horizontal buttonsize-medium\"><li class=\"shariff-button facebook shariff-nocustomcolor\" style=\"background-color:#4273c8\"><a href=\"https:\/\/www.facebook.com\/sharer\/sharer.php?u=https%3A%2F%2Fwww.mader-apparatebau.de%2Fmetall%2Fdekompakt-brauanlage%2F\" title=\"Bei Facebook teilen\" aria-label=\"Bei Facebook teilen\" role=\"button\" rel=\"nofollow\" class=\"shariff-link\" style=\"; background-color:#3b5998; color:#fff\" target=\"_blank\"><span class=\"shariff-icon\" style=\"\"><svg width=\"32px\" height=\"20px\" xmlns=\"http:\/\/www.w3.org\/2000\/svg\" viewBox=\"0 0 18 32\"><path fill=\"#3b5998\" d=\"M17.1 0.2v4.7h-2.8q-1.5 0-2.1 0.6t-0.5 1.9v3.4h5.2l-0.7 5.3h-4.5v13.6h-5.5v-13.6h-4.5v-5.3h4.5v-3.9q0-3.3 1.9-5.2t5-1.8q2.6 0 4.1 0.2z\"\/><\/svg><\/span><\/a><\/li><li class=\"shariff-button twitter shariff-nocustomcolor\" style=\"background-color:#32bbf5\"><a href=\"https:\/\/twitter.com\/share?url=https%3A%2F%2Fwww.mader-apparatebau.de%2Fmetall%2Fdekompakt-brauanlage%2F&text=Kompakt-Brauanlage\" title=\"Bei Twitter teilen\" aria-label=\"Bei Twitter teilen\" role=\"button\" rel=\"noopener nofollow\" class=\"shariff-link\" style=\"; background-color:#55acee; color:#fff\" target=\"_blank\"><span class=\"shariff-icon\" style=\"\"><svg width=\"32px\" height=\"20px\" xmlns=\"http:\/\/www.w3.org\/2000\/svg\" viewBox=\"0 0 30 32\"><path fill=\"#55acee\" d=\"M29.7 6.8q-1.2 1.8-3 3.1 0 0.3 0 0.8 0 2.5-0.7 4.9t-2.2 4.7-3.5 4-4.9 2.8-6.1 1q-5.1 0-9.3-2.7 0.6 0.1 1.5 0.1 4.3 0 7.6-2.6-2-0.1-3.5-1.2t-2.2-3q0.6 0.1 1.1 0.1 0.8 0 1.6-0.2-2.1-0.4-3.5-2.1t-1.4-3.9v-0.1q1.3 0.7 2.8 0.8-1.2-0.8-2-2.2t-0.7-2.9q0-1.7 0.8-3.1 2.3 2.8 5.5 4.5t7 1.9q-0.2-0.7-0.2-1.4 0-2.5 1.8-4.3t4.3-1.8q2.7 0 4.5 1.9 2.1-0.4 3.9-1.5-0.7 2.2-2.7 3.4 1.8-0.2 3.5-0.9z\"\/><\/svg><\/span><\/a><\/li><li class=\"shariff-button whatsapp shariff-nocustomcolor\" style=\"background-color:#5cbe4a\"><a href=\"https:\/\/api.whatsapp.com\/send?text=https%3A%2F%2Fwww.mader-apparatebau.de%2Fmetall%2Fdekompakt-brauanlage%2F%20Kompakt-Brauanlage\" title=\"Bei Whatsapp teilen\" aria-label=\"Bei Whatsapp teilen\" role=\"button\" rel=\"noopener nofollow\" class=\"shariff-link\" style=\"; background-color:#34af23; color:#fff\" target=\"_blank\"><span class=\"shariff-icon\" style=\"\"><svg width=\"32px\" height=\"20px\" xmlns=\"http:\/\/www.w3.org\/2000\/svg\" viewBox=\"0 0 32 32\"><path fill=\"#34af23\" d=\"M17.6 17.4q0.2 0 1.7 0.8t1.6 0.9q0 0.1 0 0.3 0 0.6-0.3 1.4-0.3 0.7-1.3 1.2t-1.8 0.5q-1 0-3.4-1.1-1.7-0.8-3-2.1t-2.6-3.3q-1.3-1.9-1.3-3.5v-0.1q0.1-1.6 1.3-2.8 0.4-0.4 0.9-0.4 0.1 0 0.3 0t0.3 0q0.3 0 0.5 0.1t0.3 0.5q0.1 0.4 0.6 1.6t0.4 1.3q0 0.4-0.6 1t-0.6 0.8q0 0.1 0.1 0.3 0.6 1.3 1.8 2.4 1 0.9 2.7 1.8 0.2 0.1 0.4 0.1 0.3 0 1-0.9t0.9-0.9zM14 26.9q2.3 0 4.3-0.9t3.6-2.4 2.4-3.6 0.9-4.3-0.9-4.3-2.4-3.6-3.6-2.4-4.3-0.9-4.3 0.9-3.6 2.4-2.4 3.6-0.9 4.3q0 3.6 2.1 6.6l-1.4 4.2 4.3-1.4q2.8 1.9 6.2 1.9zM14 2.2q2.7 0 5.2 1.1t4.3 2.9 2.9 4.3 1.1 5.2-1.1 5.2-2.9 4.3-4.3 2.9-5.2 1.1q-3.5 0-6.5-1.7l-7.4 2.4 2.4-7.2q-1.9-3.2-1.9-6.9 0-2.7 1.1-5.2t2.9-4.3 4.3-2.9 5.2-1.1z\"\/><\/svg><\/span><\/a><\/li><li class=\"shariff-button mailto shariff-nocustomcolor\" style=\"background-color:#a8a8a8\"><a href=\"mailto:?body=https%3A%2F%2Fwww.mader-apparatebau.de%2Fmetall%2Fdekompakt-brauanlage%2F&subject=Kompakt-Brauanlage\" title=\"Per E-Mail versenden\" aria-label=\"Per E-Mail versenden\" role=\"button\" rel=\"noopener nofollow\" class=\"shariff-link\" style=\"; background-color:#999; color:#fff\"><span class=\"shariff-icon\" style=\"\"><svg width=\"32px\" height=\"20px\" xmlns=\"http:\/\/www.w3.org\/2000\/svg\" viewBox=\"0 0 32 32\"><path fill=\"#999\" d=\"M32 12.7v14.2q0 1.2-0.8 2t-2 0.9h-26.3q-1.2 0-2-0.9t-0.8-2v-14.2q0.8 0.9 1.8 1.6 6.5 4.4 8.9 6.1 1 0.8 1.6 1.2t1.7 0.9 2 0.4h0.1q0.9 0 2-0.4t1.7-0.9 1.6-1.2q3-2.2 8.9-6.1 1-0.7 1.8-1.6zM32 7.4q0 1.4-0.9 2.7t-2.2 2.2q-6.7 4.7-8.4 5.8-0.2 0.1-0.7 0.5t-1 0.7-0.9 0.6-1.1 0.5-0.9 0.2h-0.1q-0.4 0-0.9-0.2t-1.1-0.5-0.9-0.6-1-0.7-0.7-0.5q-1.6-1.1-4.7-3.2t-3.6-2.6q-1.1-0.7-2.1-2t-1-2.5q0-1.4 0.7-2.3t2.1-0.9h26.3q1.2 0 2 0.8t0.9 2z\"\/><\/svg><\/span><\/a><\/li><\/ul><\/div>","protected":false},"excerpt":{"rendered":"<p>Monoblock-Bauweise mit beheiztem Boden und Mantel ausgestattet,\u00a0auf Edelstahlrahmen. Wir planen, bauen ma\u00dfgeschneiderte Mikro-\/Kompakt-Brauanlagen mit einer Jahreskapazit\u00e4t von 500 bis 5000 hl f\u00fcr die Herstellung von allen Arten von Biersorten nach individuellen Anforderungen.\u00a0 Mischer L\u00e4uterbeh\u00e4lter Wasserkocher Getreidem\u00fchle Pumpen Kontrollanzeige einstellbare Drehgeschwindigkeit und viele andere Optionen alle Materialien sind zertifiziert , nach &#8230;<\/p>\n<div class=\"shariff shariff-align-flex-start shariff-widget-align-flex-start\"><ul class=\"shariff-buttons theme-round orientation-horizontal buttonsize-medium\"><li class=\"shariff-button facebook shariff-nocustomcolor\" style=\"background-color:#4273c8\"><a href=\"https:\/\/www.facebook.com\/sharer\/sharer.php?u=https%3A%2F%2Fwww.mader-apparatebau.de%2Fmetall%2Fdekompakt-brauanlage%2F\" title=\"Bei Facebook teilen\" aria-label=\"Bei Facebook teilen\" role=\"button\" rel=\"nofollow\" class=\"shariff-link\" style=\"; background-color:#3b5998; color:#fff\" target=\"_blank\"><span class=\"shariff-icon\" style=\"\"><svg width=\"32px\" height=\"20px\" xmlns=\"http:\/\/www.w3.org\/2000\/svg\" viewBox=\"0 0 18 32\"><path fill=\"#3b5998\" d=\"M17.1 0.2v4.7h-2.8q-1.5 0-2.1 0.6t-0.5 1.9v3.4h5.2l-0.7 5.3h-4.5v13.6h-5.5v-13.6h-4.5v-5.3h4.5v-3.9q0-3.3 1.9-5.2t5-1.8q2.6 0 4.1 0.2z\"\/><\/svg><\/span><\/a><\/li><li class=\"shariff-button twitter shariff-nocustomcolor\" style=\"background-color:#32bbf5\"><a href=\"https:\/\/twitter.com\/share?url=https%3A%2F%2Fwww.mader-apparatebau.de%2Fmetall%2Fdekompakt-brauanlage%2F&text=Kompakt-Brauanlage\" title=\"Bei Twitter teilen\" aria-label=\"Bei Twitter teilen\" role=\"button\" rel=\"noopener nofollow\" class=\"shariff-link\" style=\"; background-color:#55acee; color:#fff\" target=\"_blank\"><span class=\"shariff-icon\" style=\"\"><svg width=\"32px\" height=\"20px\" xmlns=\"http:\/\/www.w3.org\/2000\/svg\" viewBox=\"0 0 30 32\"><path fill=\"#55acee\" d=\"M29.7 6.8q-1.2 1.8-3 3.1 0 0.3 0 0.8 0 2.5-0.7 4.9t-2.2 4.7-3.5 4-4.9 2.8-6.1 1q-5.1 0-9.3-2.7 0.6 0.1 1.5 0.1 4.3 0 7.6-2.6-2-0.1-3.5-1.2t-2.2-3q0.6 0.1 1.1 0.1 0.8 0 1.6-0.2-2.1-0.4-3.5-2.1t-1.4-3.9v-0.1q1.3 0.7 2.8 0.8-1.2-0.8-2-2.2t-0.7-2.9q0-1.7 0.8-3.1 2.3 2.8 5.5 4.5t7 1.9q-0.2-0.7-0.2-1.4 0-2.5 1.8-4.3t4.3-1.8q2.7 0 4.5 1.9 2.1-0.4 3.9-1.5-0.7 2.2-2.7 3.4 1.8-0.2 3.5-0.9z\"\/><\/svg><\/span><\/a><\/li><li class=\"shariff-button whatsapp shariff-nocustomcolor\" style=\"background-color:#5cbe4a\"><a href=\"https:\/\/api.whatsapp.com\/send?text=https%3A%2F%2Fwww.mader-apparatebau.de%2Fmetall%2Fdekompakt-brauanlage%2F%20Kompakt-Brauanlage\" title=\"Bei Whatsapp teilen\" aria-label=\"Bei Whatsapp teilen\" role=\"button\" rel=\"noopener nofollow\" class=\"shariff-link\" style=\"; background-color:#34af23; color:#fff\" target=\"_blank\"><span class=\"shariff-icon\" style=\"\"><svg width=\"32px\" height=\"20px\" xmlns=\"http:\/\/www.w3.org\/2000\/svg\" viewBox=\"0 0 32 32\"><path fill=\"#34af23\" d=\"M17.6 17.4q0.2 0 1.7 0.8t1.6 0.9q0 0.1 0 0.3 0 0.6-0.3 1.4-0.3 0.7-1.3 1.2t-1.8 0.5q-1 0-3.4-1.1-1.7-0.8-3-2.1t-2.6-3.3q-1.3-1.9-1.3-3.5v-0.1q0.1-1.6 1.3-2.8 0.4-0.4 0.9-0.4 0.1 0 0.3 0t0.3 0q0.3 0 0.5 0.1t0.3 0.5q0.1 0.4 0.6 1.6t0.4 1.3q0 0.4-0.6 1t-0.6 0.8q0 0.1 0.1 0.3 0.6 1.3 1.8 2.4 1 0.9 2.7 1.8 0.2 0.1 0.4 0.1 0.3 0 1-0.9t0.9-0.9zM14 26.9q2.3 0 4.3-0.9t3.6-2.4 2.4-3.6 0.9-4.3-0.9-4.3-2.4-3.6-3.6-2.4-4.3-0.9-4.3 0.9-3.6 2.4-2.4 3.6-0.9 4.3q0 3.6 2.1 6.6l-1.4 4.2 4.3-1.4q2.8 1.9 6.2 1.9zM14 2.2q2.7 0 5.2 1.1t4.3 2.9 2.9 4.3 1.1 5.2-1.1 5.2-2.9 4.3-4.3 2.9-5.2 1.1q-3.5 0-6.5-1.7l-7.4 2.4 2.4-7.2q-1.9-3.2-1.9-6.9 0-2.7 1.1-5.2t2.9-4.3 4.3-2.9 5.2-1.1z\"\/><\/svg><\/span><\/a><\/li><li class=\"shariff-button mailto shariff-nocustomcolor\" style=\"background-color:#a8a8a8\"><a href=\"mailto:?body=https%3A%2F%2Fwww.mader-apparatebau.de%2Fmetall%2Fdekompakt-brauanlage%2F&subject=Kompakt-Brauanlage\" title=\"Per E-Mail versenden\" aria-label=\"Per E-Mail versenden\" role=\"button\" rel=\"noopener nofollow\" class=\"shariff-link\" style=\"; background-color:#999; color:#fff\"><span class=\"shariff-icon\" style=\"\"><svg width=\"32px\" height=\"20px\" xmlns=\"http:\/\/www.w3.org\/2000\/svg\" viewBox=\"0 0 32 32\"><path fill=\"#999\" d=\"M32 12.7v14.2q0 1.2-0.8 2t-2 0.9h-26.3q-1.2 0-2-0.9t-0.8-2v-14.2q0.8 0.9 1.8 1.6 6.5 4.4 8.9 6.1 1 0.8 1.6 1.2t1.7 0.9 2 0.4h0.1q0.9 0 2-0.4t1.7-0.9 1.6-1.2q3-2.2 8.9-6.1 1-0.7 1.8-1.6zM32 7.4q0 1.4-0.9 2.7t-2.2 2.2q-6.7 4.7-8.4 5.8-0.2 0.1-0.7 0.5t-1 0.7-0.9 0.6-1.1 0.5-0.9 0.2h-0.1q-0.4 0-0.9-0.2t-1.1-0.5-0.9-0.6-1-0.7-0.7-0.5q-1.6-1.1-4.7-3.2t-3.6-2.6q-1.1-0.7-2.1-2t-1-2.5q0-1.4 0.7-2.3t2.1-0.9h26.3q1.2 0 2 0.8t0.9 2z\"\/><\/svg><\/span><\/a><\/li><\/ul><\/div>","protected":false},"author":3,"featured_media":0,"parent":0,"menu_order":0,"comment_status":"closed","ping_status":"closed","template":"","meta":{"jetpack_post_was_ever_published":false},"aioseo_notices":[],"jetpack_shortlink":"https:\/\/wp.me\/P2KvkP-ah","_links":{"self":[{"href":"https:\/\/www.mader-apparatebau.de\/metall\/wp-json\/wp\/v2\/pages\/637"}],"collection":[{"href":"https:\/\/www.mader-apparatebau.de\/metall\/wp-json\/wp\/v2\/pages"}],"about":[{"href":"https:\/\/www.mader-apparatebau.de\/metall\/wp-json\/wp\/v2\/types\/page"}],"author":[{"embeddable":true,"href":"https:\/\/www.mader-apparatebau.de\/metall\/wp-json\/wp\/v2\/users\/3"}],"replies":[{"embeddable":true,"href":"https:\/\/www.mader-apparatebau.de\/metall\/wp-json\/wp\/v2\/comments?post=637"}],"version-history":[{"count":0,"href":"https:\/\/www.mader-apparatebau.de\/metall\/wp-json\/wp\/v2\/pages\/637\/revisions"}],"wp:attachment":[{"href":"https:\/\/www.mader-apparatebau.de\/metall\/wp-json\/wp\/v2\/media?parent=637"}],"curies":[{"name":"wp","href":"https:\/\/api.w.org\/{rel}","templated":true}]}}