{"id":66,"date":"2012-08-31T12:31:22","date_gmt":"2012-08-31T10:31:22","guid":{"rendered":"http:\/\/www.mader-apparatebau.de\/metall\/?page_id=66"},"modified":"2016-12-13T15:36:45","modified_gmt":"2016-12-13T13:36:45","slug":"unsere-produkte","status":"publish","type":"page","link":"https:\/\/www.mader-apparatebau.de\/metall\/unsere-produkte\/","title":{"rendered":"Unsere Produkte"},"content":{"rendered":"<p><\/p>\n<ul>\n<li>Druckbeh\u00e4lter<\/li>\n<li>Brauereitanks<\/li>\n<li>Tanks und Anlagen f\u00fcr\u00a0<a title=\"Chemie-Industrie\" href=\"http:\/\/www.mader-apparatebau.de\/metall\/chemie-industrie\/\">Chemie-,<\/a><br \/>\n<a title=\"Lebensmittelindustrie\" href=\"http:\/\/www.mader-apparatebau.de\/metall\/leistungen-2\/lebensmittelindustrie\/\">Lebensmittel-<\/a>\u00a0und\u00a0<a title=\"Pharmaindustrie\" href=\"http:\/\/www.mader-apparatebau.de\/metall\/pharmaindustrie\/\">Pharmaindustie<\/a><\/li>\n<li>Lagertanks<\/li>\n<li>Misch- und Knetapparate<\/li>\n<li>Spezialapparate<\/li>\n<li>Sonderanfertigungen<\/li>\n<\/ul>\n<p><div class=\"tiled-gallery type-rectangular tiled-gallery-unresized\" data-original-width=\"660\" data-carousel-extra='{&quot;blog_id&quot;:1,&quot;permalink&quot;:&quot;https:\\\/\\\/www.mader-apparatebau.de\\\/metall\\\/unsere-produkte\\\/&quot;,&quot;likes_blog_id&quot;:40636215}' itemscope itemtype=\"http:\/\/schema.org\/ImageGallery\" > <div class=\"gallery-row\" style=\"width: 660px; height: 203px;\" data-original-width=\"660\" data-original-height=\"203\" > <div class=\"gallery-group images-1\" style=\"width: 358px; height: 203px;\" data-original-width=\"358\" data-original-height=\"203\" > <div class=\"tiled-gallery-item tiled-gallery-item-large\" itemprop=\"associatedMedia\" itemscope itemtype=\"http:\/\/schema.org\/ImageObject\"> <a href=\"https:\/\/www.mader-apparatebau.de\/metall\/ruehrwerke\/magnetruehrwerk\/\" border=\"0\" itemprop=\"url\"> <meta itemprop=\"width\" content=\"354\"> <meta itemprop=\"height\" content=\"199\"> <img data-attachment-id=\"729\" data-orig-file=\"https:\/\/www.mader-apparatebau.de\/metall\/wp-content\/uploads\/2014\/03\/Magnetruehrwerk.jpg\" data-orig-size=\"4128,2322\" data-comments-opened=\"1\" data-image-meta=\"{&quot;aperture&quot;:&quot;2.2&quot;,&quot;credit&quot;:&quot;&quot;,&quot;camera&quot;:&quot;GT-I9505&quot;,&quot;caption&quot;:&quot;&quot;,&quot;created_timestamp&quot;:&quot;1469177928&quot;,&quot;copyright&quot;:&quot;&quot;,&quot;focal_length&quot;:&quot;4.2&quot;,&quot;iso&quot;:&quot;50&quot;,&quot;shutter_speed&quot;:&quot;0.0014245014245014&quot;,&quot;title&quot;:&quot;&quot;,&quot;orientation&quot;:&quot;1&quot;}\" data-image-title=\"magnetruehrwerk\" data-image-description=\"&lt;p&gt;2000 liter mit Magnetr\u00fchrwerk f\u00fcr bis zu 5 bar&lt;\/p&gt; \" data-medium-file=\"https:\/\/www.mader-apparatebau.de\/metall\/wp-content\/uploads\/2014\/03\/Magnetruehrwerk-300x169.jpg\" data-large-file=\"https:\/\/www.mader-apparatebau.de\/metall\/wp-content\/uploads\/2014\/03\/Magnetruehrwerk-1024x576.jpg\" src=\"https:\/\/i0.wp.com\/www.mader-apparatebau.de\/metall\/wp-content\/uploads\/2014\/03\/Magnetruehrwerk.jpg?w=354&#038;h=199&#038;ssl=1\" width=\"354\" height=\"199\" data-original-width=\"354\" data-original-height=\"199\" itemprop=\"http:\/\/schema.org\/image\" title=\"magnetruehrwerk\" alt=\"R\u00fchrwerksbeh\u00e4lter mit Magnetr\u00fchrwerk\" style=\"width: 354px; height: 199px;\" \/> <\/a> <div class=\"tiled-gallery-caption\" itemprop=\"caption description\"> 2000 liter mit Magnetr\u00fchrwerk f\u00fcr bis zu 5 bar <\/div> <\/div> <\/div> <!-- close group --> <div class=\"gallery-group images-1\" style=\"width: 302px; height: 203px;\" data-original-width=\"302\" data-original-height=\"203\" > <div class=\"tiled-gallery-item tiled-gallery-item-large\" itemprop=\"associatedMedia\" itemscope itemtype=\"http:\/\/schema.org\/ImageObject\"> <a href=\"https:\/\/www.mader-apparatebau.de\/metall\/dekompakt-brauanlage\/fermentation-stainless-steel-vats\/\" border=\"0\" itemprop=\"url\"> <meta itemprop=\"width\" content=\"298\"> <meta itemprop=\"height\" content=\"199\"> <img data-attachment-id=\"638\" data-orig-file=\"https:\/\/www.mader-apparatebau.de\/metall\/wp-content\/uploads\/2015\/10\/fermenter.jpg\" data-orig-size=\"424,283\" data-comments-opened=\"1\" data-image-meta=\"{&quot;aperture&quot;:&quot;2.8&quot;,&quot;credit&quot;:&quot;Kondor83 - Fotolia&quot;,&quot;camera&quot;:&quot;DSLR-A900&quot;,&quot;caption&quot;:&quot;Fermentation stainless steel vats in a winery&quot;,&quot;created_timestamp&quot;:&quot;1395837171&quot;,&quot;copyright&quot;:&quot;Kondor83 - Fotolia&quot;,&quot;focal_length&quot;:&quot;24&quot;,&quot;iso&quot;:&quot;800&quot;,&quot;shutter_speed&quot;:&quot;0.033333333333333&quot;,&quot;title&quot;:&quot;Fermentation stainless steel vats&quot;,&quot;orientation&quot;:&quot;1&quot;}\" data-image-title=\"Edelstahl Fermenter\" data-image-description=\"&lt;p&gt;Fermenter aus Edelstahl von der Firma roggetec Mader GmbH&lt;\/p&gt; \" data-medium-file=\"https:\/\/www.mader-apparatebau.de\/metall\/wp-content\/uploads\/2015\/10\/fermenter-300x200.jpg\" data-large-file=\"https:\/\/www.mader-apparatebau.de\/metall\/wp-content\/uploads\/2015\/10\/fermenter.jpg\" src=\"https:\/\/i0.wp.com\/www.mader-apparatebau.de\/metall\/wp-content\/uploads\/2015\/10\/fermenter.jpg?w=298&#038;h=199&#038;ssl=1\" width=\"298\" height=\"199\" data-original-width=\"298\" data-original-height=\"199\" itemprop=\"http:\/\/schema.org\/image\" title=\"Edelstahl Fermenter\" alt=\"Fermenter aus Edelstahl\" style=\"width: 298px; height: 199px;\" \/> <\/a> <div class=\"tiled-gallery-caption\" itemprop=\"caption description\"> Fermenter <\/div> <\/div> <\/div> <!-- close group --> <\/div> <!-- close row --> <div class=\"gallery-row\" style=\"width: 660px; height: 232px;\" data-original-width=\"660\" data-original-height=\"232\" > <div class=\"gallery-group images-1\" style=\"width: 660px; height: 232px;\" data-original-width=\"660\" data-original-height=\"232\" > <div class=\"tiled-gallery-item tiled-gallery-item-large\" itemprop=\"associatedMedia\" itemscope itemtype=\"http:\/\/schema.org\/ImageObject\"> <a href=\"https:\/\/www.mader-apparatebau.de\/metall\/?attachment_id=539\" border=\"0\" itemprop=\"url\"> <meta itemprop=\"width\" content=\"656\"> <meta itemprop=\"height\" content=\"228\"> <img data-attachment-id=\"539\" data-orig-file=\"https:\/\/www.mader-apparatebau.de\/metall\/wp-content\/uploads\/2012\/08\/Bildschirmfoto-2014-03-27-um-09.51.43-e1479459374448.png\" data-orig-size=\"826,287\" data-comments-opened=\"1\" data-image-meta=\"{&quot;aperture&quot;:&quot;0&quot;,&quot;credit&quot;:&quot;&quot;,&quot;camera&quot;:&quot;&quot;,&quot;caption&quot;:&quot;&quot;,&quot;created_timestamp&quot;:&quot;0&quot;,&quot;copyright&quot;:&quot;&quot;,&quot;focal_length&quot;:&quot;0&quot;,&quot;iso&quot;:&quot;0&quot;,&quot;shutter_speed&quot;:&quot;0&quot;,&quot;title&quot;:&quot;&quot;}\" data-image-title=\"Edelstahl Beh\u00e4lter\" data-image-description=\"\" data-medium-file=\"https:\/\/www.mader-apparatebau.de\/metall\/wp-content\/uploads\/2012\/08\/Bildschirmfoto-2014-03-27-um-09.51.43-e1479459374448-300x104.png\" data-large-file=\"https:\/\/www.mader-apparatebau.de\/metall\/wp-content\/uploads\/2012\/08\/Bildschirmfoto-2014-03-27-um-09.51.43-e1479459374448.png\" src=\"https:\/\/i0.wp.com\/www.mader-apparatebau.de\/metall\/wp-content\/uploads\/2012\/08\/Bildschirmfoto-2014-03-27-um-09.51.43-e1479459374448.png?w=656&#038;h=228&#038;ssl=1\" width=\"656\" height=\"228\" data-original-width=\"656\" data-original-height=\"228\" itemprop=\"http:\/\/schema.org\/image\" title=\"Edelstahl Beh\u00e4lter\" alt=\"Edelstahl Beh\u00e4lter\" style=\"width: 656px; height: 228px;\" \/> <\/a> <div class=\"tiled-gallery-caption\" itemprop=\"caption description\"> Edelstahl Beh\u00e4lter <\/div> <\/div> <\/div> <!-- close group --> <\/div> <!-- close row --> <div class=\"gallery-row\" style=\"width: 660px; height: 200px;\" data-original-width=\"660\" data-original-height=\"200\" > <div class=\"gallery-group images-1\" style=\"width: 330px; height: 200px;\" data-original-width=\"330\" data-original-height=\"200\" > <div class=\"tiled-gallery-item tiled-gallery-item-large\" itemprop=\"associatedMedia\" itemscope itemtype=\"http:\/\/schema.org\/ImageObject\"> <a href=\"https:\/\/www.mader-apparatebau.de\/metall\/?attachment_id=481\" border=\"0\" itemprop=\"url\"> <meta itemprop=\"width\" content=\"326\"> <meta itemprop=\"height\" content=\"196\"> <img data-attachment-id=\"481\" data-orig-file=\"https:\/\/www.mader-apparatebau.de\/metall\/wp-content\/uploads\/2013\/12\/behaelter-toll1.jpg\" data-orig-size=\"600,360\" data-comments-opened=\"1\" data-image-meta=\"{&quot;aperture&quot;:&quot;0&quot;,&quot;credit&quot;:&quot;&quot;,&quot;camera&quot;:&quot;&quot;,&quot;caption&quot;:&quot;&quot;,&quot;created_timestamp&quot;:&quot;0&quot;,&quot;copyright&quot;:&quot;&quot;,&quot;focal_length&quot;:&quot;0&quot;,&quot;iso&quot;:&quot;0&quot;,&quot;shutter_speed&quot;:&quot;0&quot;,&quot;title&quot;:&quot;&quot;}\" data-image-title=\"behaelter\" data-image-description=\"\" data-medium-file=\"https:\/\/www.mader-apparatebau.de\/metall\/wp-content\/uploads\/2013\/12\/behaelter-toll1-300x180.jpg\" data-large-file=\"https:\/\/www.mader-apparatebau.de\/metall\/wp-content\/uploads\/2013\/12\/behaelter-toll1.jpg\" src=\"https:\/\/i0.wp.com\/www.mader-apparatebau.de\/metall\/wp-content\/uploads\/2013\/12\/behaelter-toll1.jpg?w=326&#038;h=196&#038;ssl=1\" width=\"326\" height=\"196\" data-original-width=\"326\" data-original-height=\"196\" itemprop=\"http:\/\/schema.org\/image\" title=\"behaelter\" alt=\"Edelstahlbeh\u00e4lter Lebensmittelindustrie\" style=\"width: 326px; height: 196px;\" \/> <\/a> <div class=\"tiled-gallery-caption\" itemprop=\"caption description\"> Edelstahlbeh\u00e4lter Lebensmittelindustrie <\/div> <\/div> <\/div> <!-- close group --> <div class=\"gallery-group images-1\" style=\"width: 330px; height: 200px;\" data-original-width=\"330\" data-original-height=\"200\" > <div class=\"tiled-gallery-item tiled-gallery-item-large\" itemprop=\"associatedMedia\" itemscope itemtype=\"http:\/\/schema.org\/ImageObject\"> <a href=\"https:\/\/www.mader-apparatebau.de\/metall\/?attachment_id=476\" border=\"0\" itemprop=\"url\"> <meta itemprop=\"width\" content=\"326\"> <meta itemprop=\"height\" content=\"196\"> <img data-attachment-id=\"476\" data-orig-file=\"https:\/\/www.mader-apparatebau.de\/metall\/wp-content\/uploads\/2013\/12\/behaelter-innen-bes.jpg\" data-orig-size=\"600,360\" data-comments-opened=\"1\" data-image-meta=\"{&quot;aperture&quot;:&quot;0&quot;,&quot;credit&quot;:&quot;&quot;,&quot;camera&quot;:&quot;&quot;,&quot;caption&quot;:&quot;&quot;,&quot;created_timestamp&quot;:&quot;0&quot;,&quot;copyright&quot;:&quot;&quot;,&quot;focal_length&quot;:&quot;0&quot;,&quot;iso&quot;:&quot;0&quot;,&quot;shutter_speed&quot;:&quot;0&quot;,&quot;title&quot;:&quot;&quot;}\" data-image-title=\"behaelter-innen-bes\" data-image-description=\"\" data-medium-file=\"https:\/\/www.mader-apparatebau.de\/metall\/wp-content\/uploads\/2013\/12\/behaelter-innen-bes-300x180.jpg\" data-large-file=\"https:\/\/www.mader-apparatebau.de\/metall\/wp-content\/uploads\/2013\/12\/behaelter-innen-bes.jpg\" src=\"https:\/\/i0.wp.com\/www.mader-apparatebau.de\/metall\/wp-content\/uploads\/2013\/12\/behaelter-innen-bes.jpg?w=326&#038;h=196&#038;ssl=1\" width=\"326\" height=\"196\" data-original-width=\"326\" data-original-height=\"196\" itemprop=\"http:\/\/schema.org\/image\" title=\"behaelter-innen-bes\" alt=\"Teil eines Edelstahl Beh\u00e4lters\" style=\"width: 326px; height: 196px;\" \/> <\/a> <div class=\"tiled-gallery-caption\" itemprop=\"caption description\"> Teil eines Edelstahl Beh\u00e4lters <\/div> <\/div> <\/div> <!-- close group --> <\/div> <!-- close row --> <div class=\"gallery-row\" style=\"width: 660px; height: 398px;\" data-original-width=\"660\" data-original-height=\"398\" > <div class=\"gallery-group images-1\" style=\"width: 660px; height: 398px;\" data-original-width=\"660\" data-original-height=\"398\" > <div class=\"tiled-gallery-item tiled-gallery-item-large\" itemprop=\"associatedMedia\" itemscope itemtype=\"http:\/\/schema.org\/ImageObject\"> <a href=\"https:\/\/www.mader-apparatebau.de\/metall\/?attachment_id=475\" border=\"0\" itemprop=\"url\"> <meta itemprop=\"width\" content=\"656\"> <meta itemprop=\"height\" content=\"394\"> <img data-attachment-id=\"475\" data-orig-file=\"https:\/\/www.mader-apparatebau.de\/metall\/wp-content\/uploads\/2013\/12\/behaelter-aussen2.jpg\" data-orig-size=\"600,360\" data-comments-opened=\"1\" data-image-meta=\"{&quot;aperture&quot;:&quot;0&quot;,&quot;credit&quot;:&quot;&quot;,&quot;camera&quot;:&quot;&quot;,&quot;caption&quot;:&quot;&quot;,&quot;created_timestamp&quot;:&quot;0&quot;,&quot;copyright&quot;:&quot;&quot;,&quot;focal_length&quot;:&quot;0&quot;,&quot;iso&quot;:&quot;0&quot;,&quot;shutter_speed&quot;:&quot;0&quot;,&quot;title&quot;:&quot;&quot;}\" data-image-title=\"behaelter-aussen2\" data-image-description=\"\" data-medium-file=\"https:\/\/www.mader-apparatebau.de\/metall\/wp-content\/uploads\/2013\/12\/behaelter-aussen2-300x180.jpg\" data-large-file=\"https:\/\/www.mader-apparatebau.de\/metall\/wp-content\/uploads\/2013\/12\/behaelter-aussen2.jpg\" src=\"https:\/\/i0.wp.com\/www.mader-apparatebau.de\/metall\/wp-content\/uploads\/2013\/12\/behaelter-aussen2.jpg?w=656&#038;h=394&#038;ssl=1\" width=\"656\" height=\"394\" data-original-width=\"656\" data-original-height=\"394\" itemprop=\"http:\/\/schema.org\/image\" title=\"behaelter-aussen2\" alt=\"Edelstahlbeh\u00e4lter Detail\" style=\"width: 656px; height: 394px;\" \/> <\/a> <\/div> <\/div> <!-- close group --> <\/div> <!-- close row --> <\/div><\/p>\n<div class=\"shariff shariff-align-flex-start shariff-widget-align-flex-start\"><ul class=\"shariff-buttons theme-round orientation-horizontal buttonsize-medium\"><li class=\"shariff-button facebook shariff-nocustomcolor\" style=\"background-color:#4273c8\"><a href=\"https:\/\/www.facebook.com\/sharer\/sharer.php?u=https%3A%2F%2Fwww.mader-apparatebau.de%2Fmetall%2Funsere-produkte%2F\" title=\"Bei Facebook teilen\" aria-label=\"Bei Facebook teilen\" role=\"button\" rel=\"nofollow\" class=\"shariff-link\" style=\"; background-color:#3b5998; color:#fff\" target=\"_blank\"><span class=\"shariff-icon\" style=\"\"><svg width=\"32px\" height=\"20px\" xmlns=\"http:\/\/www.w3.org\/2000\/svg\" viewBox=\"0 0 18 32\"><path fill=\"#3b5998\" d=\"M17.1 0.2v4.7h-2.8q-1.5 0-2.1 0.6t-0.5 1.9v3.4h5.2l-0.7 5.3h-4.5v13.6h-5.5v-13.6h-4.5v-5.3h4.5v-3.9q0-3.3 1.9-5.2t5-1.8q2.6 0 4.1 0.2z\"\/><\/svg><\/span><\/a><\/li><li class=\"shariff-button twitter shariff-nocustomcolor\" style=\"background-color:#32bbf5\"><a href=\"https:\/\/twitter.com\/share?url=https%3A%2F%2Fwww.mader-apparatebau.de%2Fmetall%2Funsere-produkte%2F&text=Unsere%20Produkte\" title=\"Bei Twitter teilen\" aria-label=\"Bei Twitter teilen\" role=\"button\" rel=\"noopener nofollow\" class=\"shariff-link\" style=\"; background-color:#55acee; color:#fff\" target=\"_blank\"><span class=\"shariff-icon\" style=\"\"><svg width=\"32px\" height=\"20px\" xmlns=\"http:\/\/www.w3.org\/2000\/svg\" viewBox=\"0 0 30 32\"><path fill=\"#55acee\" d=\"M29.7 6.8q-1.2 1.8-3 3.1 0 0.3 0 0.8 0 2.5-0.7 4.9t-2.2 4.7-3.5 4-4.9 2.8-6.1 1q-5.1 0-9.3-2.7 0.6 0.1 1.5 0.1 4.3 0 7.6-2.6-2-0.1-3.5-1.2t-2.2-3q0.6 0.1 1.1 0.1 0.8 0 1.6-0.2-2.1-0.4-3.5-2.1t-1.4-3.9v-0.1q1.3 0.7 2.8 0.8-1.2-0.8-2-2.2t-0.7-2.9q0-1.7 0.8-3.1 2.3 2.8 5.5 4.5t7 1.9q-0.2-0.7-0.2-1.4 0-2.5 1.8-4.3t4.3-1.8q2.7 0 4.5 1.9 2.1-0.4 3.9-1.5-0.7 2.2-2.7 3.4 1.8-0.2 3.5-0.9z\"\/><\/svg><\/span><\/a><\/li><li class=\"shariff-button whatsapp shariff-nocustomcolor\" style=\"background-color:#5cbe4a\"><a href=\"https:\/\/api.whatsapp.com\/send?text=https%3A%2F%2Fwww.mader-apparatebau.de%2Fmetall%2Funsere-produkte%2F%20Unsere%20Produkte\" title=\"Bei Whatsapp teilen\" aria-label=\"Bei Whatsapp teilen\" role=\"button\" rel=\"noopener nofollow\" class=\"shariff-link\" style=\"; background-color:#34af23; color:#fff\" target=\"_blank\"><span class=\"shariff-icon\" style=\"\"><svg width=\"32px\" height=\"20px\" xmlns=\"http:\/\/www.w3.org\/2000\/svg\" viewBox=\"0 0 32 32\"><path fill=\"#34af23\" d=\"M17.6 17.4q0.2 0 1.7 0.8t1.6 0.9q0 0.1 0 0.3 0 0.6-0.3 1.4-0.3 0.7-1.3 1.2t-1.8 0.5q-1 0-3.4-1.1-1.7-0.8-3-2.1t-2.6-3.3q-1.3-1.9-1.3-3.5v-0.1q0.1-1.6 1.3-2.8 0.4-0.4 0.9-0.4 0.1 0 0.3 0t0.3 0q0.3 0 0.5 0.1t0.3 0.5q0.1 0.4 0.6 1.6t0.4 1.3q0 0.4-0.6 1t-0.6 0.8q0 0.1 0.1 0.3 0.6 1.3 1.8 2.4 1 0.9 2.7 1.8 0.2 0.1 0.4 0.1 0.3 0 1-0.9t0.9-0.9zM14 26.9q2.3 0 4.3-0.9t3.6-2.4 2.4-3.6 0.9-4.3-0.9-4.3-2.4-3.6-3.6-2.4-4.3-0.9-4.3 0.9-3.6 2.4-2.4 3.6-0.9 4.3q0 3.6 2.1 6.6l-1.4 4.2 4.3-1.4q2.8 1.9 6.2 1.9zM14 2.2q2.7 0 5.2 1.1t4.3 2.9 2.9 4.3 1.1 5.2-1.1 5.2-2.9 4.3-4.3 2.9-5.2 1.1q-3.5 0-6.5-1.7l-7.4 2.4 2.4-7.2q-1.9-3.2-1.9-6.9 0-2.7 1.1-5.2t2.9-4.3 4.3-2.9 5.2-1.1z\"\/><\/svg><\/span><\/a><\/li><li class=\"shariff-button mailto shariff-nocustomcolor\" style=\"background-color:#a8a8a8\"><a href=\"mailto:?body=https%3A%2F%2Fwww.mader-apparatebau.de%2Fmetall%2Funsere-produkte%2F&subject=Unsere%20Produkte\" title=\"Per E-Mail versenden\" aria-label=\"Per E-Mail versenden\" role=\"button\" rel=\"noopener nofollow\" class=\"shariff-link\" style=\"; background-color:#999; color:#fff\"><span class=\"shariff-icon\" style=\"\"><svg width=\"32px\" height=\"20px\" xmlns=\"http:\/\/www.w3.org\/2000\/svg\" viewBox=\"0 0 32 32\"><path fill=\"#999\" d=\"M32 12.7v14.2q0 1.2-0.8 2t-2 0.9h-26.3q-1.2 0-2-0.9t-0.8-2v-14.2q0.8 0.9 1.8 1.6 6.5 4.4 8.9 6.1 1 0.8 1.6 1.2t1.7 0.9 2 0.4h0.1q0.9 0 2-0.4t1.7-0.9 1.6-1.2q3-2.2 8.9-6.1 1-0.7 1.8-1.6zM32 7.4q0 1.4-0.9 2.7t-2.2 2.2q-6.7 4.7-8.4 5.8-0.2 0.1-0.7 0.5t-1 0.7-0.9 0.6-1.1 0.5-0.9 0.2h-0.1q-0.4 0-0.9-0.2t-1.1-0.5-0.9-0.6-1-0.7-0.7-0.5q-1.6-1.1-4.7-3.2t-3.6-2.6q-1.1-0.7-2.1-2t-1-2.5q0-1.4 0.7-2.3t2.1-0.9h26.3q1.2 0 2 0.8t0.9 2z\"\/><\/svg><\/span><\/a><\/li><\/ul><\/div>","protected":false},"excerpt":{"rendered":"<p>Druckbeh\u00e4lter Brauereitanks Tanks und Anlagen f\u00fcr\u00a0Chemie-, Lebensmittel-\u00a0und\u00a0Pharmaindustie Lagertanks Misch- und Knetapparate Spezialapparate Sonderanfertigungen<\/p>\n<div class=\"shariff shariff-align-flex-start shariff-widget-align-flex-start\"><ul class=\"shariff-buttons theme-round orientation-horizontal buttonsize-medium\"><li class=\"shariff-button facebook shariff-nocustomcolor\" style=\"background-color:#4273c8\"><a href=\"https:\/\/www.facebook.com\/sharer\/sharer.php?u=https%3A%2F%2Fwww.mader-apparatebau.de%2Fmetall%2Funsere-produkte%2F\" title=\"Bei Facebook teilen\" aria-label=\"Bei Facebook teilen\" role=\"button\" rel=\"nofollow\" class=\"shariff-link\" style=\"; background-color:#3b5998; color:#fff\" target=\"_blank\"><span class=\"shariff-icon\" style=\"\"><svg width=\"32px\" height=\"20px\" xmlns=\"http:\/\/www.w3.org\/2000\/svg\" viewBox=\"0 0 18 32\"><path fill=\"#3b5998\" d=\"M17.1 0.2v4.7h-2.8q-1.5 0-2.1 0.6t-0.5 1.9v3.4h5.2l-0.7 5.3h-4.5v13.6h-5.5v-13.6h-4.5v-5.3h4.5v-3.9q0-3.3 1.9-5.2t5-1.8q2.6 0 4.1 0.2z\"\/><\/svg><\/span><\/a><\/li><li class=\"shariff-button twitter shariff-nocustomcolor\" style=\"background-color:#32bbf5\"><a href=\"https:\/\/twitter.com\/share?url=https%3A%2F%2Fwww.mader-apparatebau.de%2Fmetall%2Funsere-produkte%2F&text=Unsere%20Produkte\" title=\"Bei Twitter teilen\" aria-label=\"Bei Twitter teilen\" role=\"button\" rel=\"noopener nofollow\" class=\"shariff-link\" style=\"; background-color:#55acee; color:#fff\" target=\"_blank\"><span class=\"shariff-icon\" style=\"\"><svg width=\"32px\" height=\"20px\" xmlns=\"http:\/\/www.w3.org\/2000\/svg\" viewBox=\"0 0 30 32\"><path fill=\"#55acee\" d=\"M29.7 6.8q-1.2 1.8-3 3.1 0 0.3 0 0.8 0 2.5-0.7 4.9t-2.2 4.7-3.5 4-4.9 2.8-6.1 1q-5.1 0-9.3-2.7 0.6 0.1 1.5 0.1 4.3 0 7.6-2.6-2-0.1-3.5-1.2t-2.2-3q0.6 0.1 1.1 0.1 0.8 0 1.6-0.2-2.1-0.4-3.5-2.1t-1.4-3.9v-0.1q1.3 0.7 2.8 0.8-1.2-0.8-2-2.2t-0.7-2.9q0-1.7 0.8-3.1 2.3 2.8 5.5 4.5t7 1.9q-0.2-0.7-0.2-1.4 0-2.5 1.8-4.3t4.3-1.8q2.7 0 4.5 1.9 2.1-0.4 3.9-1.5-0.7 2.2-2.7 3.4 1.8-0.2 3.5-0.9z\"\/><\/svg><\/span><\/a><\/li><li class=\"shariff-button whatsapp shariff-nocustomcolor\" style=\"background-color:#5cbe4a\"><a href=\"https:\/\/api.whatsapp.com\/send?text=https%3A%2F%2Fwww.mader-apparatebau.de%2Fmetall%2Funsere-produkte%2F%20Unsere%20Produkte\" title=\"Bei Whatsapp teilen\" aria-label=\"Bei Whatsapp teilen\" role=\"button\" rel=\"noopener nofollow\" class=\"shariff-link\" style=\"; background-color:#34af23; color:#fff\" target=\"_blank\"><span class=\"shariff-icon\" style=\"\"><svg width=\"32px\" height=\"20px\" xmlns=\"http:\/\/www.w3.org\/2000\/svg\" viewBox=\"0 0 32 32\"><path fill=\"#34af23\" d=\"M17.6 17.4q0.2 0 1.7 0.8t1.6 0.9q0 0.1 0 0.3 0 0.6-0.3 1.4-0.3 0.7-1.3 1.2t-1.8 0.5q-1 0-3.4-1.1-1.7-0.8-3-2.1t-2.6-3.3q-1.3-1.9-1.3-3.5v-0.1q0.1-1.6 1.3-2.8 0.4-0.4 0.9-0.4 0.1 0 0.3 0t0.3 0q0.3 0 0.5 0.1t0.3 0.5q0.1 0.4 0.6 1.6t0.4 1.3q0 0.4-0.6 1t-0.6 0.8q0 0.1 0.1 0.3 0.6 1.3 1.8 2.4 1 0.9 2.7 1.8 0.2 0.1 0.4 0.1 0.3 0 1-0.9t0.9-0.9zM14 26.9q2.3 0 4.3-0.9t3.6-2.4 2.4-3.6 0.9-4.3-0.9-4.3-2.4-3.6-3.6-2.4-4.3-0.9-4.3 0.9-3.6 2.4-2.4 3.6-0.9 4.3q0 3.6 2.1 6.6l-1.4 4.2 4.3-1.4q2.8 1.9 6.2 1.9zM14 2.2q2.7 0 5.2 1.1t4.3 2.9 2.9 4.3 1.1 5.2-1.1 5.2-2.9 4.3-4.3 2.9-5.2 1.1q-3.5 0-6.5-1.7l-7.4 2.4 2.4-7.2q-1.9-3.2-1.9-6.9 0-2.7 1.1-5.2t2.9-4.3 4.3-2.9 5.2-1.1z\"\/><\/svg><\/span><\/a><\/li><li class=\"shariff-button mailto shariff-nocustomcolor\" style=\"background-color:#a8a8a8\"><a href=\"mailto:?body=https%3A%2F%2Fwww.mader-apparatebau.de%2Fmetall%2Funsere-produkte%2F&subject=Unsere%20Produkte\" title=\"Per E-Mail versenden\" aria-label=\"Per E-Mail versenden\" role=\"button\" rel=\"noopener nofollow\" class=\"shariff-link\" style=\"; background-color:#999; color:#fff\"><span class=\"shariff-icon\" style=\"\"><svg width=\"32px\" height=\"20px\" xmlns=\"http:\/\/www.w3.org\/2000\/svg\" viewBox=\"0 0 32 32\"><path fill=\"#999\" d=\"M32 12.7v14.2q0 1.2-0.8 2t-2 0.9h-26.3q-1.2 0-2-0.9t-0.8-2v-14.2q0.8 0.9 1.8 1.6 6.5 4.4 8.9 6.1 1 0.8 1.6 1.2t1.7 0.9 2 0.4h0.1q0.9 0 2-0.4t1.7-0.9 1.6-1.2q3-2.2 8.9-6.1 1-0.7 1.8-1.6zM32 7.4q0 1.4-0.9 2.7t-2.2 2.2q-6.7 4.7-8.4 5.8-0.2 0.1-0.7 0.5t-1 0.7-0.9 0.6-1.1 0.5-0.9 0.2h-0.1q-0.4 0-0.9-0.2t-1.1-0.5-0.9-0.6-1-0.7-0.7-0.5q-1.6-1.1-4.7-3.2t-3.6-2.6q-1.1-0.7-2.1-2t-1-2.5q0-1.4 0.7-2.3t2.1-0.9h26.3q1.2 0 2 0.8t0.9 2z\"\/><\/svg><\/span><\/a><\/li><\/ul><\/div>","protected":false},"author":3,"featured_media":0,"parent":0,"menu_order":0,"comment_status":"closed","ping_status":"closed","template":"","meta":{"jetpack_post_was_ever_published":false},"aioseo_notices":[],"jetpack_shortlink":"https:\/\/wp.me\/P2KvkP-14","_links":{"self":[{"href":"https:\/\/www.mader-apparatebau.de\/metall\/wp-json\/wp\/v2\/pages\/66"}],"collection":[{"href":"https:\/\/www.mader-apparatebau.de\/metall\/wp-json\/wp\/v2\/pages"}],"about":[{"href":"https:\/\/www.mader-apparatebau.de\/metall\/wp-json\/wp\/v2\/types\/page"}],"author":[{"embeddable":true,"href":"https:\/\/www.mader-apparatebau.de\/metall\/wp-json\/wp\/v2\/users\/3"}],"replies":[{"embeddable":true,"href":"https:\/\/www.mader-apparatebau.de\/metall\/wp-json\/wp\/v2\/comments?post=66"}],"version-history":[{"count":0,"href":"https:\/\/www.mader-apparatebau.de\/metall\/wp-json\/wp\/v2\/pages\/66\/revisions"}],"wp:attachment":[{"href":"https:\/\/www.mader-apparatebau.de\/metall\/wp-json\/wp\/v2\/media?parent=66"}],"curies":[{"name":"wp","href":"https:\/\/api.w.org\/{rel}","templated":true}]}}